{"id":77643,"date":"2016-04-18T10:04:48","date_gmt":"2016-04-18T08:04:48","guid":{"rendered":"https:\/\/xlmotors.ee\/yhteystiedot\/"},"modified":"2025-05-14T09:16:10","modified_gmt":"2025-05-14T07:16:10","slug":"yhteystiedot","status":"publish","type":"page","link":"https:\/\/xlmotors.ee\/fi\/yhteystiedot\/","title":{"rendered":"Yhteystiedot"},"content":{"rendered":"<div class=\"wpb-content-wrapper\"><p>[vc_row][vc_column][vc_text_separator title=&#8221;Yhteystiedot&#8221;][\/vc_column][\/vc_row][vc_row el_class=&#8221;contact-section-two&#8221;][vc_column width=&#8221;1\/4&#8243;][vc_column_text]<\/p>\n<h3><strong>KNK Group O\u00dc<\/strong><\/h3>\n<h2>Rekister\u00f6intikoodi: 14073391<\/h2>\n<h4>S\u00f5pruse pst 209, Tallinna, Harjumaa, Viro<\/h4>\n<h4>E-R 8:00-16:00 \u00a0 \u00a0 \u00a0 \u00a0L, P suljettu<\/h4>\n<div class=\"contact-iban\">\n<div class=\"inner-contact-iban\">IBAN: EE481010220254014227 &#8211; SEB Pank<\/div>\n<\/div>\n<h5><a href=\"tel:+37253801942\">+372 5380 1942<\/a><\/h5>\n<h6><a href=\"mailto:info@xlmotors.ee\">info@xlmotors.ee<\/a><\/h6>\n<div class=\"xl-footer-social-icons\"><a href=\"https:\/\/www.facebook.com\/xlmotors\/\" target=\"_blank\" rel=\"noopener\"><img decoding=\"async\" class=\"fb-icon\" src=\"https:\/\/xlmotors.ee\/wp-content\/uploads\/Group-1332.svg\" alt=\"\" \/><\/a><a href=\"https:\/\/www.youtube.com\/channel\/UCLe086usIWtVxEg4cK5JVmg\" target=\"_blank\" rel=\"noopener\"><img decoding=\"async\" class=\"alignright size-full wp-image-49669\" src=\"https:\/\/xlmotors.ee\/wp-content\/uploads\/youtube-icon.png\" alt=\"\" width=\"77\" height=\"54\" \/><\/a><\/div>\n<p>[\/vc_column_text][\/vc_column][vc_column width=&#8221;3\/4&#8243;][vc_raw_html]JTNDaWZyYW1lJTIwc3JjJTNEJTIyaHR0cHMlM0ElMkYlMkZ3d3cuZ29vZ2xlLmNvbSUyRm1hcHMlMkZlbWJlZCUzRnBiJTNEJTIxMW0xOCUyMTFtMTIlMjExbTMlMjExZDIwMzAuOTg0NTM5ODAwNjkyMSUyMTJkMjQuNjkyMDQ3NTE1NjUyNDE2JTIxM2Q1OS4zOTk5NzA0MTIzOTkxODUlMjEybTMlMjExZjAlMjEyZjAlMjEzZjAlMjEzbTIlMjExaTEwMjQlMjEyaTc2OCUyMTRmMTMuMSUyMTNtMyUyMTFtMiUyMTFzMHg0NjkyOTRmZDk3NjMxNzQ5JTI1M0EweDYyZTkzMzU0YWI4YTZjOSUyMTJzWEwlMjUyME1vdG9ycyUyMTVlMCUyMTNtMiUyMTFzZW4lMjEyc2luJTIxNHYxNjQwMjYwODY5ODc5JTIxNW0yJTIxMXNlbiUyMTJzaW4lMjIlMjB3aWR0aCUzRCUyMjYwMCUyMiUyMGhlaWdodCUzRCUyMjQ1MCUyMiUyMHN0eWxlJTNEJTIyYm9yZGVyJTNBMCUzQiUyMiUyMGFsbG93ZnVsbHNjcmVlbiUzRCUyMiUyMiUyMGxvYWRpbmclM0QlMjJsYXp5JTIyJTNFJTNDJTJGaWZyYW1lJTNF[\/vc_raw_html][\/vc_column][\/vc_row][vc_row][vc_column][vc_empty_space height=&#8221;72px&#8221;][vc_text_separator title=&#8221;L\u00e4het\u00e4 meille tiedustelu&#8221;][\/vc_column][\/vc_row][vc_row el_class=&#8221;contact-request-details&#8221;][vc_column][vc_column_text]<\/p>\n<h4>Jos Sinulla her\u00e4\u00e4 kysymyksi\u00e4, pyyd\u00e4mme ottamaan yhteytt\u00e4 asiakaspalveluumme numerolla +372 5380 1942 tai s\u00e4hk\u00f6postiosoitteella info@xlmotors.ee.<\/h4>\n<h4>Vastaamme Sinulle lyhimm\u00e4ss\u00e4 mahdollisessa ajassa. Samoin meihin voi ottaa yhteytt\u00e4 palautekaavakettamme k\u00e4ytt\u00e4m\u00e4ll\u00e4:<\/h4>\n<p>[\/vc_column_text][\/vc_column][\/vc_row][vc_row el_class=&#8221;cstm-contact-form-section&#8221;][vc_column]\n<div class=\"wpcf7 no-js\" id=\"wpcf7-f62979-o1\" lang=\"et\" dir=\"ltr\" data-wpcf7-id=\"62979\">\n<div class=\"screen-reader-response\"><p role=\"status\" aria-live=\"polite\" aria-atomic=\"true\"><\/p> <ul><\/ul><\/div>\n<form action=\"\/fi\/wp-json\/wp\/v2\/pages\/77643#wpcf7-f62979-o1\" method=\"post\" class=\"wpcf7-form init\" aria-label=\"Contact form\" novalidate=\"novalidate\" data-status=\"init\">\n<fieldset class=\"hidden-fields-container\"><input type=\"hidden\" name=\"_wpcf7\" value=\"62979\" \/><input type=\"hidden\" name=\"_wpcf7_version\" value=\"6.1.5\" \/><input type=\"hidden\" name=\"_wpcf7_locale\" value=\"et\" \/><input type=\"hidden\" name=\"_wpcf7_unit_tag\" value=\"wpcf7-f62979-o1\" \/><input type=\"hidden\" name=\"_wpcf7_container_post\" value=\"0\" \/><input type=\"hidden\" name=\"_wpcf7_posted_data_hash\" value=\"\" \/><input type=\"hidden\" name=\"_wpcf7_recaptcha_response\" value=\"\" \/>\n<\/fieldset>\n<div class=\"contact-form-row-one\">\n\t<div class=\"contact-form-col-one\">\n\t\t<p><span class=\"wpcf7-form-control-wrap\" data-name=\"fullname\"><input size=\"40\" maxlength=\"400\" class=\"wpcf7-form-control wpcf7-text wpcf7-validates-as-required form-control\" aria-required=\"true\" aria-invalid=\"false\" placeholder=\"Nimi\" value=\"\" type=\"text\" name=\"fullname\" \/><\/span>\n\t\t<\/p>\n\t<\/div>\n\t<div class=\"contact-form-col-two\">\n\t\t<p><span class=\"wpcf7-form-control-wrap\" data-name=\"email-526\"><input size=\"40\" maxlength=\"400\" class=\"wpcf7-form-control wpcf7-email wpcf7-validates-as-required wpcf7-text wpcf7-validates-as-email form-control\" aria-required=\"true\" aria-invalid=\"false\" placeholder=\"S\u00e4hk\u00f6posti\" value=\"\" type=\"email\" name=\"email-526\" \/><\/span>\n\t\t<\/p>\n\t<\/div>\n<\/div>\n<div class=\"contact-form-row-three\">\n\t<p><span class=\"wpcf7-form-control-wrap\" data-name=\"textarea-932\"><textarea cols=\"40\" rows=\"10\" maxlength=\"2000\" class=\"wpcf7-form-control wpcf7-textarea form-control\" aria-invalid=\"false\" placeholder=\"Viesti\" name=\"textarea-932\"><\/textarea><\/span>\n\t<\/p>\n<\/div>\n<div class=\"contact-form-row-four-btn\">\n<span class=\"wpcf7-form-control-wrap recaptcha\" data-name=\"recaptcha\"><span data-sitekey=\"6Lc65lkmAAAAAAcejmH5_X1Iy05XNU_xtrW4yr1K\" class=\"wpcf7-form-control wpcf7-recaptcha g-recaptcha\"><\/span>\r\n<noscript>\r\n\t<div class=\"grecaptcha-noscript\">\r\n\t\t<iframe loading=\"lazy\" src=\"https:\/\/www.recaptcha.net\/recaptcha\/api\/fallback?k=6Lc65lkmAAAAAAcejmH5_X1Iy05XNU_xtrW4yr1K\" frameborder=\"0\" scrolling=\"no\" width=\"310\" height=\"430\">\r\n\t\t<\/iframe>\r\n\t\t<textarea name=\"g-recaptcha-response\" rows=\"3\" cols=\"40\" placeholder=\"reCaptcha Response Here\">\r\n\t\t<\/textarea>\r\n\t<\/div>\r\n<\/noscript>\r\n<\/span>\n\t<p><input class=\"wpcf7-form-control wpcf7-submit has-spinner form-control\" type=\"submit\" value=\"L\u00e4hett\u00e4\u00e4\" \/>\n\t<\/p>\n<\/div><p style=\"display: none !important;\" class=\"akismet-fields-container\" data-prefix=\"_wpcf7_ak_\"><label>&#916;<textarea name=\"_wpcf7_ak_hp_textarea\" cols=\"45\" rows=\"8\" maxlength=\"100\"><\/textarea><\/label><input type=\"hidden\" id=\"ak_js_1\" name=\"_wpcf7_ak_js\" value=\"84\"\/><script>document.getElementById( \"ak_js_1\" ).setAttribute( \"value\", ( new Date() ).getTime() );<\/script><\/p><input type='hidden' class='wpcf7-pum' value='{\"closepopup\":false,\"closedelay\":0,\"openpopup\":false,\"openpopup_id\":0}' \/><div class=\"wpcf7-response-output\" aria-hidden=\"true\"><\/div>\n<\/form>\n<\/div>\n[\/vc_column][\/vc_row][vc_row el_class=&#8221;xl-meist-para&#8221;][vc_column][vc_text_separator title=&#8221;Yrityksest\u00e4 ja tuotteistamme&#8221;][vc_column_text]<\/p>\n<h4>Virolainen tuote suoraan valmistajalta<\/h4>\n<p>Automattojen laaja tuotevalikoimamme k\u00e4sitt\u00e4\u00e4 kaiken autosi sis\u00e4tilojen ja tavaratilan lattian suojaamisessa tarvittavan. XL Motorsin automatot ovat automallikohtaiset, laadukkaat ja valmistetut vain parhaista raaka-aineista. Saatavana on kumisia ja tekstiilisi\u00e4 automattoja. Ostajat ovat arvostaneet kuitenkin kaikkein eniten Premium-automattoja (EVA).<\/p>\n<p>Premium (EVA) -automatot on valmistettu korkealaatuisesta etyleenivinyyliasetaattimateriaalista, joka on kumin tapaan hyvin joustava ja kest\u00e4v\u00e4, mutta my\u00f6s luontoyst\u00e4v\u00e4llinen ja n\u00e4ytt\u00e4v\u00e4. N\u00e4m\u00e4 ominaisuudet tekev\u00e4t t\u00e4st\u00e4 materiaalista auton sis\u00e4tilojen mattojen valmistamiseen ihanteellisen ja vastaavat kaikkia standardeja ja paloturvallisuusvaatimuksia.<\/p>\n<p>Premium (EVA) -mattojen edut: mallikohtaiset automatot \u2013 valmistettu yksil\u00f6llisesti jokaista automerkki\u00e4 ja -mallia varten; kest\u00e4v\u00e4 materiaali \u2013 kest\u00e4v\u00e4t kauemmin kuin tavalliset automatot; vedenpit\u00e4v\u00e4t \u2013 matot suojaavat autoa kosteudelta t\u00e4ydellisesti; suojaavat ihanteellisesti lattiaa lialta ja loalta; eritt\u00e4in helposti puhdistettavat \u2013 irrota matot autosta ja pese vedell\u00e4; erilainen maton ja reunojen v\u00e4ris\u00e4vyvalikoima; mallin mukaan suunnitellut kiinnitykset.<\/p>\n<p>Poikkeuksellisiksi automatot tekee niiden erilaisten v\u00e4ris\u00e4vyjen valikoima, joka mahdollistaa niiden sovittamisen auton interi\u00f6\u00f6riin\/eksteri\u00f6\u00f6riin. Materiaalin ja reunuksen v\u00e4riyhdistelmi\u00e4 on yli 50, joka antaa jokaiselle asiakkaalle mahdollisuuden l\u00f6yt\u00e4\u00e4 itselleen sopiva.<br \/>\nSarjassa on nelj\u00e4 sis\u00e4tilan mattoa henkil\u00f6auton\/maasturin osalta (voi valmistaa my\u00f6s ns. tunnelin p\u00e4\u00e4lle asetettavan maton, joka ei kuulu sarjaan). Osassa malleista taempi matto on yhten\u00e4 kappaleena. Mahdollista my\u00f6s tilata erikoismittaisia tai yksitt\u00e4isi\u00e4 mattoja.<\/p>\n<p>Tutustu tuotteisiimme l\u00e4hemmin sivulla \u201d<a href=\"https:\/\/xlmotors.ee\/fi\/sisatilamattojen-esittely\/\">Meid\u00e4n tuotteemme<\/a>\u201d, tarvittaessa konsultoi asiantuntijoidemme kanssa ja suorita oikea osto.[\/vc_column_text][\/vc_column][\/vc_row]<\/p>\n<\/div>","protected":false},"excerpt":{"rendered":"<p>[vc_row][vc_column][vc_text_separator title=&#8221;Yhteystiedot&#8221;][\/vc_column][\/vc_row][vc_row el_class=&#8221;contact-section-two&#8221;][vc_column width=&#8221;1\/4&#8243;][vc_column_text] KNK Group O\u00dc Rekister\u00f6intikoodi: 14073391 S\u00f5pruse pst 209, Tallinna, Harjumaa, Viro E-R 8:00-16:00 \u00a0 \u00a0 \u00a0 \u00a0L, P suljettu IBAN: EE481010220254014227 &#8211; SEB Pank +372 5380 1942 info@xlmotors.ee [\/vc_column_text][\/vc_column][vc_column width=&#8221;3\/4&#8243;][vc_raw_html]JTNDaWZyYW1lJTIwc3JjJTNEJTIyaHR0cHMlM0ElMkYlMkZ3d3cuZ29vZ2xlLmNvbSUyRm1hcHMlMkZlbWJlZCUzRnBiJTNEJTIxMW0xOCUyMTFtMTIlMjExbTMlMjExZDIwMzAuOTg0NTM5ODAwNjkyMSUyMTJkMjQuNjkyMDQ3NTE1NjUyNDE2JTIxM2Q1OS4zOTk5NzA0MTIzOTkxODUlMjEybTMlMjExZjAlMjEyZjAlMjEzZjAlMjEzbTIlMjExaTEwMjQlMjEyaTc2OCUyMTRmMTMuMSUyMTNtMyUyMTFtMiUyMTFzMHg0NjkyOTRmZDk3NjMxNzQ5JTI1M0EweDYyZTkzMzU0YWI4YTZjOSUyMTJzWEwlMjUyME1vdG9ycyUyMTVlMCUyMTNtMiUyMTFzZW4lMjEyc2luJTIxNHYxNjQwMjYwODY5ODc5JTIxNW0yJTIxMXNlbiUyMTJzaW4lMjIlMjB3aWR0aCUzRCUyMjYwMCUyMiUyMGhlaWdodCUzRCUyMjQ1MCUyMiUyMHN0eWxlJTNEJTIyYm9yZGVyJTNBMCUzQiUyMiUyMGFsbG93ZnVsbHNjcmVlbiUzRCUyMiUyMiUyMGxvYWRpbmclM0QlMjJsYXp5JTIyJTNFJTNDJTJGaWZyYW1lJTNF[\/vc_raw_html][\/vc_column][\/vc_row][vc_row][vc_column][vc_empty_space height=&#8221;72px&#8221;][vc_text_separator title=&#8221;L\u00e4het\u00e4 meille tiedustelu&#8221;][\/vc_column][\/vc_row][vc_row el_class=&#8221;contact-request-details&#8221;][vc_column][vc_column_text] Jos Sinulla her\u00e4\u00e4 kysymyksi\u00e4, pyyd\u00e4mme ottamaan yhteytt\u00e4 asiakaspalveluumme numerolla +372 5380 1942 tai s\u00e4hk\u00f6postiosoitteella info@xlmotors.ee. Vastaamme [&hellip;]<\/p>\n","protected":false},"author":1,"featured_media":0,"parent":0,"menu_order":0,"comment_status":"closed","ping_status":"closed","template":"","meta":{"_acf_changed":false,"inline_featured_image":false,"footnotes":""},"class_list":["post-77643","page","type-page","status-publish","hentry"],"acf":[],"aioseo_notices":[],"_links":{"self":[{"href":"https:\/\/xlmotors.ee\/fi\/wp-json\/wp\/v2\/pages\/77643","targetHints":{"allow":["GET"]}}],"collection":[{"href":"https:\/\/xlmotors.ee\/fi\/wp-json\/wp\/v2\/pages"}],"about":[{"href":"https:\/\/xlmotors.ee\/fi\/wp-json\/wp\/v2\/types\/page"}],"author":[{"embeddable":true,"href":"https:\/\/xlmotors.ee\/fi\/wp-json\/wp\/v2\/users\/1"}],"replies":[{"embeddable":true,"href":"https:\/\/xlmotors.ee\/fi\/wp-json\/wp\/v2\/comments?post=77643"}],"version-history":[{"count":2,"href":"https:\/\/xlmotors.ee\/fi\/wp-json\/wp\/v2\/pages\/77643\/revisions"}],"predecessor-version":[{"id":84527,"href":"https:\/\/xlmotors.ee\/fi\/wp-json\/wp\/v2\/pages\/77643\/revisions\/84527"}],"wp:attachment":[{"href":"https:\/\/xlmotors.ee\/fi\/wp-json\/wp\/v2\/media?parent=77643"}],"curies":[{"name":"wp","href":"https:\/\/api.w.org\/{rel}","templated":true}]}}