{"id":77648,"date":"2016-08-09T10:24:54","date_gmt":"2016-08-09T08:24:54","guid":{"rendered":"https:\/\/xlmotors.ee\/kayttoehdot\/"},"modified":"2016-08-09T10:24:54","modified_gmt":"2016-08-09T08:24:54","slug":"kayttoehdot","status":"publish","type":"page","link":"https:\/\/xlmotors.ee\/fi\/kayttoehdot\/","title":{"rendered":"K\u00e4ytt\u00f6ehdot"},"content":{"rendered":"<div class=\"wpb-content-wrapper\"><p>[vc_row][vc_column el_class=&#8221;xl-buy-help-top-content&#8221;][vc_column_text]<\/p>\n<h5>XL Motors -verkkokaupan k\u00e4ytt\u00f6ehdot<\/h5>\n<h5>1. Yleisten myyntiehtojen voimassaolo<\/h5>\n<p><strong>1.1.<\/strong> Yleiset myyntiehdot koskevat XLmotors.ee:n asiakkaiden (jatkossa nimell\u00e4 Asiakas) ja XLmotors.ee:n omistajan KNK Group O\u00dc:n (jatkossa nimell\u00e4 XLmotors.ee) v\u00e4lill\u00e4 tavaraa ostettaessa syntyvi\u00e4 oikeudellisia suhteita.<br \/>\n<strong>1.2.<\/strong> Yleiset myyntiehdot eiv\u00e4t saa olla ristiriidassa Viron tasavallassa voimassa olevan lains\u00e4\u00e4d\u00e4nn\u00f6n kanssa ja tarvittaessa (kiistojen tai puuttuvien tietojen yhteydess\u00e4) lains\u00e4\u00e4d\u00e4nt\u00f6 t\u00e4ydent\u00e4\u00e4 niit\u00e4.<br \/>\n<strong>1.3.<\/strong> N\u00e4iden Yleisten myyntiehtojen ohella Asiakkaan ja XLmotors.ee:n v\u00e4lisi\u00e4 suhteita s\u00e4\u00e4telev\u00e4t XLmotors.ee:n tuotetiedot, hinnasto, ostotiedot ja vakiintuneet hyv\u00e4t tavat.<br \/>\n<strong>1.4.<\/strong> XLmotors.ee varaa itselleen oikeuden muuttaa yksipuolisesti n\u00e4it\u00e4 ehtoja ja tuotteiden hintoja toimintansa tehokkuuden, kilpailukyvyn, jatkossa tapahtuvan kehittymisen ja tavaravalikoiman t\u00e4ydent\u00e4misen tai uudelleen j\u00e4rjestelyn vuoksi. Ehtojen ja tuotehintojen muutokset ja t\u00e4ydennykset astuvat voimaan alkaen siit\u00e4 hetkest\u00e4, jona kyseiset tiedot ilmestyv\u00e4t sivustolle www.xlmotors.ee. Mik\u00e4li Asiakas toimitti tilauksensa ennen ehtojen muutosten voimaan astumista, Asiakasta koskevat tilauksen l\u00e4hetyshetkell\u00e4 voimassa olleet ehdot, pl. mik\u00e4li laissa tai n\u00e4iss\u00e4 ehdoissa on s\u00e4\u00e4detty toisin.<br \/>\n<strong>1.5.<\/strong> XLmotors.ee ja Asiakas haluavat k\u00e4yd\u00e4 kauppaa XLmotors.ee:n kotisivun www.xlmotors.ee kautta t\u00e4ss\u00e4 asiakirjassa s\u00e4\u00e4detyin ehdoin. XLmotors.ee:n kotisivulla tilausta laatiessaan ja ennakkomaksun suorittaessaan Asiakas vakuuttaa, ett\u00e4 on tutustunut myyntiehtoihin ja hyv\u00e4ksyy ne.<br \/>\n<strong>1.6.<\/strong> Tuotteiden yhteydess\u00e4 olevilla kuvilla on hahmottava merkitys.<\/p>\n<h5>2. XLmotors.ee:n hinnasto<\/h5>\n<p><strong>2.1.<\/strong> XLmotors.ee-verkkokaupassa myyt\u00e4vien tuotteiden hinnat on esitetty euroissa ja ilman perille toimitukseen liittyv\u00e4\u00e4 kustannusta.<br \/>\n<strong>2.2.<\/strong> Tavaran perille toimituksen hinta riippuu Asiakkaan tilauksen laatimisen yhteydess\u00e4 valitsemasta toimitustavasta.<br \/>\n<strong>2.3.<\/strong> XLmotors.ee varaa itselleen oikeuden korjata hintoja. Mik\u00e4li Asiakas l\u00e4hetti tilauksensa ennen hinnanmuutoksen voimaan astumista, h\u00e4nelle on voimassa se hinta, joka oli mainittuna ennakkomaksulaskussa tilauksen laatimishetkell\u00e4.<\/p>\n<h5>3. Ostoskori ja tilauksen laatiminen<\/h5>\n<p><strong>3.1.<\/strong> Asiakkaan Ostoskori luodaan sill\u00e4 hetkell\u00e4, jona h\u00e4n on napsauttanut nuppia \u201dLis\u00e4\u00e4 koriin\u201d.<br \/>\n<strong>3.2.<\/strong> Tuotteen lis\u00e4\u00e4minen Ostoskoriin ei viel\u00e4 sido Asiakasta ostamaan.<br \/>\n<strong>3.3.<\/strong> Asiakas voi muuttaa Ostoskorissa olevien tuotteiden m\u00e4\u00e4r\u00e4\u00e4 ja halutessaan poistaa niit\u00e4 Ostoskorista.<br \/>\n<strong>3.4.<\/strong> Ostoskorissa olevat tuotteet ovat tilauksen vahvistamiseen asti my\u00f6s muiden XLmotors.ee:n Asiakkaiden saatavilla.<br \/>\n<strong>3.5.<\/strong> Tilauksen laatimiseksi Asiakas painaa nuppia \u201dLaadi osto\u201d.<br \/>\n<strong>3.6.<\/strong> Tilauksen laatimiseksi Asiakas valitsee itselleen sopivan toimitus- ja maksutavan sek\u00e4 tarkastaa Saajan ja Maksajan tietojen virheett\u00f6myyden.<br \/>\n<strong>3.7.<\/strong> Tilauksessa esitettyjen tietojen t\u00e4sm\u00e4llisyydest\u00e4 riippuu Asiakkaan ostamien tuotteiden h\u00e4iri\u00f6t\u00f6n perille toimittaminen. Nupin \u201dAloitan maksamisen\u201d painamisen j\u00e4lkeen Asiakkaan s\u00e4hk\u00f6postiosoitteeseen l\u00e4hetet\u00e4\u00e4n automaattisesti lasku.<br \/>\n<strong>3.8.<\/strong> Tilaus postitetaan, kun XLmotors.ee:n pankkitilille on saapunut laskun perusteella maksettava summa 100-prosenttisesti.<\/p>\n<h5>4. Tilatun tavaran maksaminen<\/h5>\n<p><strong>4.1.<\/strong> K\u00e4teisell\u00e4 tai maksup\u00e4\u00e4tteell\u00e4 paikan p\u00e4\u00e4ll\u00e4 myym\u00e4l\u00e4ss\u00e4 (osoitteessa S\u00f5pruse puiestee 209, Tallinna).<br \/>\n<strong>4.2.<\/strong> Montonio Finance O\u00dc:n v\u00e4lityksell\u00e4 verkkopankin linkin kautta (Swedbank, SEB, Luminor, LHV Pank, Danske Pank, Coop Pank, poco pay)<br \/>\n<strong>4.3.<\/strong> Luotto- tai pankkikortilla Montonio Finance O\u00dc:n kautta.<br \/>\n<strong>4.4.<\/strong> Kun Asiakas on vahvistanut tilauksen, Asiakkaan antamaan s\u00e4hk\u00f6postiosoitteeseen l\u00e4hetet\u00e4\u00e4n v\u00e4litt\u00f6m\u00e4sti lasku, jonka perusteella tavara maksetaan.<br \/>\n<strong>4.5.<\/strong> Mik\u00e4li Asiakkaan s\u00e4hk\u00f6postiosoitteeseen ei ole yhden tunnin kuluessa tilauksen laatimisesta saapunut tilausvahvistusta, pyyd\u00e4mme ottamaan yhteytt\u00e4 osoitteella info@xlmotors.ee.<br \/>\n<strong>4.6.<\/strong> Laskussa ovat mainittuina Asiakkaan tilaamat tuotteet sek\u00e4 yhteystiedot, joilla tilaus l\u00e4hetet\u00e4\u00e4n.<\/p>\n<h5>5. Tuotteiden perille toimittaminen ja luovuttaminen<\/h5>\n<p><strong>5.1.<\/strong> Sopimuksen voimaan astumisen j\u00e4lkeen ehtojen 3.8. mukaisesti, ja sill\u00e4 edellytyksell\u00e4, ett\u00e4 kohta 1.5. on t\u00e4ytetty, tuotteet toimitetaan Asiakkaan tilauksessa esitt\u00e4m\u00e4\u00e4n osoitteeseen.<br \/>\n<strong>5.2.<\/strong> Asiakas voi valita seuraavista toimitustavoista: Itella Smartpostin, Omnivan ja DPD Groupin pakettiautomaatti tai l\u00e4hetti. XLmotors.ee l\u00e4hett\u00e4\u00e4 tilaukset matkaan 2-3 ty\u00f6p\u00e4iv\u00e4n kuluessa. L\u00e4hetetyt tavarat saapuvat Asiakkaalle p\u00e4\u00e4s\u00e4\u00e4nt\u00f6isesti seuraavana ty\u00f6p\u00e4iv\u00e4n\u00e4.<br \/>\n<strong>5.3.<\/strong> XLmotors.ee varaa itselleen oikeuden muuttaa toimitustapoja.<br \/>\n<strong>5.4.<\/strong> Tilauksessa esitettyjen tietojen t\u00e4sm\u00e4llisyydest\u00e4 ja virheett\u00f6myydest\u00e4 riippuu viiv\u00e4stysten ja v\u00e4\u00e4rink\u00e4sitysten v\u00e4ltt\u00e4minen tavaran perille toimittamisessa. XLmotors.ee ja Omniva\/Smartpost\/DPD eiv\u00e4t vastaa tuotteiden perille toimittamisen viiv\u00e4stymisest\u00e4 ja aiheutuneista v\u00e4\u00e4rink\u00e4sityksist\u00e4, mik\u00e4li viiv\u00e4stys tai v\u00e4\u00e4rink\u00e4sitys on johtunut Asiakkaan tilauksen laatimisen yhteydess\u00e4 esitt\u00e4mien tietojen ep\u00e4t\u00e4sm\u00e4llisyydest\u00e4 tai virheellisyydest\u00e4.<br \/>\n<strong>5.5.<\/strong> Mik\u00e4li toimitusosoite muuttuu, XLmotors.ee pyyt\u00e4\u00e4 Asiakasta l\u00e4hett\u00e4m\u00e4\u00e4n uudet tiedot niin mahdollisimman nopeasti. Jos tavara on jo postitettu, toimitusosoitteen muuttaminen ei ole en\u00e4\u00e4 mahdollista.<\/p>\n<h5>6. Tilauksen peruminen ja tuotteen palauttaminen<\/h5>\n<p><strong>6.1.<\/strong> XLmotors.ee:ll\u00e4 on oikeus mit\u00e4t\u00f6id\u00e4 Asiakkaan tilaus siin\u00e4 tapauksessa, ett\u00e4 laskua ei ole maksettu kahdessa kalenterip\u00e4iv\u00e4ss\u00e4 tai Asiakkaan toivoman maksuajan kuluessa.<br \/>\n<strong>6.2.<\/strong> Mik\u00e4li tavara ei sovi tai ei vastaa Asiakkaan odotuksia, h\u00e4nell\u00e4 on oikeus palauttaa se 14 ty\u00f6p\u00e4iv\u00e4n kuluessa tavaran haltuun saamisesta lukien. Palautettavan tavaran tulee olla vahingoittumaton, k\u00e4ytt\u00e4m\u00e4t\u00f6n, tuotekyltein varustettu, alkuper\u00e4ispakkauksessa ja huolellisesti pakattu. Raha palautetusta tavarasta saapuu takaisin Asiakkaan pankkitilille kahden ty\u00f6p\u00e4iv\u00e4n kuluessa, joka tapauksessa viimeist\u00e4\u00e4n 14 ty\u00f6p\u00e4iv\u00e4n kuluessa siit\u00e4, kun XLmotors.ee on saanut tavaran haltuunsa. Tavaran palauttamiseksi Asiakas l\u00e4hett\u00e4\u00e4 t\u00e4t\u00e4 koskevan ilmoituksen s\u00e4hk\u00f6postiosoitteeseen info@xlmotors.ee.<br \/>\n<strong>6.3.<\/strong> Tavaran palautuskustannukset maksaa ostaja.<br \/>\n<strong>6.4.<\/strong> Tuotteen palautuskustannukset maksaa ostaja tavanomaisessa m\u00e4\u00e4r\u00e4ss\u00e4, ei kuitenkaan enemm\u00e4n kuin 10 euron verran, paitsi siin\u00e4 tapauksessa, ett\u00e4 luovutettu esine ei vastaa tilattua.<br \/>\n<strong>6.5.<\/strong> Mik\u00e4li Asiakas haluaa vaihtaa palautettavan tuotteen johonkin toiseen tuotteeseen tai samaan, toisen kokoiseen tuotteeseen, Asiakas maksaa palautettavasta tuotteesta postimaksun. Uuden vaihdetun tuotteen postituksesta XLmotors.ee maksaa yhden kerran postimaksun. Jokaisesta seuraavasta vaihdosta maksaa ostaja.<br \/>\n<strong>6.6.<\/strong> XLmotors.ee maksaa takaisin l\u00e4hetyksen kustannukset siin\u00e4 tapauksessa, ett\u00e4 tavara on vahingoittunut, jota ei ollut mahdollista ulkoisella tarkastelulla havaita ja joka ei ollut aiheutunut pakkauksen avaamisen yhteydess\u00e4, tai mik\u00e4li tavara ei ole se, mik\u00e4 oli tilattu.<br \/>\n<strong>6.7.<\/strong> Mik\u00e4li palautettava tuote on huonontunut ja huonontuminen on aiheutunut seikoista, jotka eiv\u00e4t ole johtuneet XLmotors.ee:st\u00e4 ja tuotteen k\u00e4ytt\u00f6tarkoituksen vastaisen k\u00e4yt\u00f6n tuloksena, XLmotors.ee:ll\u00e4 on oikeus nettouttaa tuotteen arvon v\u00e4heneminen Asiakkaan tuotteesta maksamasta ja Asiakkaalle palautettavasta summasta.<br \/>\n<strong>6.8.<\/strong> Palautuskaavakkeen l\u00f6yd\u00e4t t\u00e4st\u00e4 \u2013 Liite 1<\/p>\n<h5>7. Takuu ja vaatimuksia vastaamattomien tuotteiden palauttaminen<\/h5>\n<p><strong>7.1.<\/strong> Viron velvoiteoikeuslain (V\u00d5S, 11. luku, 218. pyk\u00e4l\u00e4 2. mom.) mukaisesti Asiakkaalla on oikeus esitt\u00e4\u00e4 valitus kahden vuoden kuluessa tavaran haltuun saamisesta lukien. T\u00e4st\u00e4 kuuden ensimm\u00e4isen kuukauden aikana aiheutuneen vian osalta edellytet\u00e4\u00e4n, ett\u00e4 se oli olemassa tuotteen ostohetkell\u00e4 ja myyj\u00e4n tulee selvitt\u00e4\u00e4 vian luonne.<br \/>\n<strong>7.2.<\/strong> Mik\u00e4li vika on luonteeltaan teknologinen, Asiakas voi vaatia tuotteen korjaamista ja mik\u00e4li korjaaminen on mahdotonta tai tehotonta, tuotteen vaihtamista. Rahan palauttamista voi vaatia siin\u00e4 tapauksessa, ett\u00e4 vaihtaminen kohtuullisessa ajassa ei ole osoittautunut mahdolliseksi sopivan tuotteen puuttumisen vuoksi (V\u00d5S, 11. luku, 222. pyk\u00e4l\u00e4, 1. mom.).<br \/>\n<strong>7.3.<\/strong> Yll\u00e4tt\u00e4v\u00e4n vian ilmetess\u00e4 Asiakkaan tulee l\u00e4hett\u00e4\u00e4 s\u00e4hk\u00f6postikirje osoitteeseen info@xlmotors.ee seuraavin tiedoin: Asiakkaan nimi ja yhteystiedot; valituksen esitt\u00e4misp\u00e4iv\u00e4; tuotteessa ilmennyt vika, pyyd\u00e4mme liitt\u00e4m\u00e4\u00e4n my\u00f6s valokuvat; XLmotors.ee:lle esitett\u00e4v\u00e4 vaatimus; laskun numero, mahdollisuuksien mukaan liitett\u00e4v\u00e4 laskun kopio.<br \/>\n<strong>7.4.<\/strong> XLmotors.ee ei ole vastuussa:<br \/>\n<strong>7.4.1.<\/strong> Asiakkaan syyst\u00e4 tai huolimattomuudesta tapahtuneesta tuotteen vahingoittumisesta;<br \/>\n<strong>7.4.2.<\/strong> tuotteen luonnollisesta fyysisest\u00e4 kulumisesta tavanomaisessa k\u00e4yt\u00f6ss\u00e4.<\/p>\n<h5>8. Vastuu ja ylivoimainen este<\/h5>\n<p><strong>8.1.<\/strong> XLmotors.ee on Asiakkaalle vastuussa XLmotors.ee:n toimesta n\u00e4iden ehtojen rikkomisella aiheutuneesta vahingosta Viron tasavallassa voimassa olevassa lains\u00e4\u00e4d\u00e4nn\u00f6ss\u00e4 s\u00e4\u00e4detyiss\u00e4 tapauksissa ja s\u00e4\u00e4detyss\u00e4 laajuudessa.<br \/>\n<strong>8.2.<\/strong> Asiakas on XLmotors.ee:lle vastuussa Asiakkaan toimesta n\u00e4iden ehtojen rikkomisella aiheutuneesta vahingosta Viron tasavallassa voimassa olevassa lains\u00e4\u00e4d\u00e4nn\u00f6ss\u00e4 s\u00e4\u00e4detyiss\u00e4 tapauksissa ja s\u00e4\u00e4detyss\u00e4 laajuudessa.<br \/>\n<strong>8.3.<\/strong> Kumpikaan osapuoli ei ole toiselle osapuolelle vastuussa, ja sen k\u00e4ytt\u00e4ytymist\u00e4 ei katsota n\u00e4iden ehtojen rikkomiseksi, mink\u00e4\u00e4n velvollisuutensa t\u00e4ytt\u00e4misen viivytt\u00e4misest\u00e4 tai sen laiminly\u00f6nnist\u00e4, mik\u00e4li mainitun viiv\u00e4styksen tai laiminly\u00f6nnin syy ei ollut mainitun osapuolen hallinnassa (ylivoimainen este).<br \/>\n<strong>8.4.<\/strong> XLmotors.ee ei korvaa henkist\u00e4 vahinkoa, jota Asiakkaalle voi aiheuttaa toimitusaikojen, hintojen ja muiden ehtojen muuttuminen n\u00e4iden ehtojen puitteissa.<br \/>\n<strong>8.5.<\/strong> XLmotors.ee ei korvaa Asiakkaan kustannuksia, jotka johtuvat siit\u00e4 seikasta, ett\u00e4 Asiakas otti itselleen kolmansien (XLmotors.ee:st\u00e4 riippumattomien) henkil\u00f6iden suhteen velvollisuuksia n\u00e4iden ehtojen kanssa ristiriidassa olevin ehdoin.<br \/>\n<strong>8.6.<\/strong> XLmotors.ee ei korvaa Asiakkaalle toimitusaikojen, hintojen ja muiden ehtojen muuttumisen seurauksena ilmenneit\u00e4 k\u00e4ytt\u00e4m\u00e4tt\u00e4 j\u00e4\u00e4neit\u00e4 mahdollisuuksia.<\/p>\n<h5>9. Muut ehdot<\/h5>\n<p><strong>9.1.<\/strong> XLmotors.ee k\u00e4ytt\u00e4\u00e4 Asiakkaan antamia henkil\u00f6tietoja vain Asiakkaan ostotilauksen t\u00e4ytt\u00e4miseen. Tietoja k\u00e4sitell\u00e4\u00e4n luottamuksellisina ja niit\u00e4 ei julkisteta kolmansille osapuolille, pl. silloin, kun Asiakkaan valitsema toimitustapa sit\u00e4 edellytt\u00e4\u00e4, sek\u00e4 laissa s\u00e4\u00e4detyiss\u00e4 tapauksissa.<br \/>\n<strong>9.2.<\/strong> XLmotors.ee varaa itselleen oikeuden l\u00e4hett\u00e4\u00e4 Asiakkaalle tietoa uusista tuotteista ja alennustarjouksista, mik\u00e4li Asiakas on tilannut XLmotors.ee:n uutiskirjeen. Asiakkaalla on oikeus vaatia tietojensa poistamista XLmotors.ee:n tietokannasta.<br \/>\n<strong>9.3.<\/strong> N\u00e4iss\u00e4 ehdoissa s\u00e4\u00e4t\u00e4m\u00e4tt\u00f6miss\u00e4 kysymyksiss\u00e4 Asiakas ja XLmotors.ee nojautuvat Viron tasavallassa voimassa olevaan lains\u00e4\u00e4d\u00e4nt\u00f6\u00f6n sek\u00e4 muihin osapuolten v\u00e4lisi\u00e4 suhteita s\u00e4\u00e4televiin asiakirjoihin.<br \/>\n<strong>9.4.<\/strong> N\u00e4iden ehtojen t\u00e4ytt\u00e4misest\u00e4 seuraavat erimielisyydet ja kiistat osapuolet ratkaisevat ennen kaikkea neuvotteluteitse. Mik\u00e4li Sopimuksesta seuraavia kiistoja ei onnistu ratkaista osapuolten neuvotteluin, sek\u00e4 Asiakkaalla ett\u00e4 XLmotors.ee:ll\u00e4 on oikeus k\u00e4\u00e4nty\u00e4 oikeuksiensa puolustamiseksi kuluttajansuojaviranomaisen (Tarbijakaitseamet) tai tuomioistuimen puoleen.<\/p>\n<h5>10. Toimitus<\/h5>\n<p><strong>10.1.<\/strong> Varastossa olevia tuotteita koskee 1-4 ty\u00f6p\u00e4iv\u00e4n toimitusaika.<br \/>\n<strong>10.2.<\/strong> Erikoistilausten osalta toimitusaika riippuu tavaran luonteesta.<br \/>\n<strong>10.3.<\/strong> Tavaroiden toimitusaika on pisimmill\u00e4\u00e4n 14 ty\u00f6p\u00e4iv\u00e4\u00e4.<\/p>\n<h5>11. Kiistojen ratkaiseminen<\/h5>\n<p><strong>11.1.<\/strong> Mik\u00e4li ostajalla on Verkkokaupalle esitett\u00e4v\u00e4 valituksia, ne tulee l\u00e4hett\u00e4\u00e4 s\u00e4hk\u00f6postiosoitteeseen info@xlmotors.ee tai esitt\u00e4\u00e4 puhelimitse numeroon: +372 53801942. Mik\u00e4li ostaja ja Verkkokauppa eiv\u00e4t pysty ratkaisemaan kiistaa sopien, ostajalla on mahdollisuus ottaa yhteytt\u00e4 kuluttajariitalautakuntaan (Tarbijavaidluste komisjon). Menettelyehtoihin voi tutustua ja hakemuksen esitt\u00e4\u00e4 t\u00e4st\u00e4. Kuluttajariitalautakunnan toimivaltaan kuuluu ostajan ja Verkkokaupan v\u00e4lill\u00e4 solmitusta sopimuksesta seuraavien kiistojen ratkaiseminen. Ostajan valituksen k\u00e4sittely lautakunnassa on maksutonta. Ostaja voi ottaa yhteytt\u00e4 Euroopan unionin kuluttajariitoja ratkaisevaan foorumiin. Tilausehtoihin ja XLmotors.ee-verkkokaupan kauppasopimuksiin sovelletaan Viron lakia. Mik\u00e4li tilausehtojen jokin s\u00e4\u00e4d\u00f6s on mit\u00e4t\u00f6n, se ei vaikuta muilta osin tilausehtojen eik\u00e4 kauppasopimuksen voimassa oloon. Mit\u00e4t\u00f6n s\u00e4\u00e4d\u00f6s korvataan laillisella s\u00e4\u00e4d\u00f6ksell\u00e4, joka on mit\u00e4t\u00f6nt\u00e4 s\u00e4\u00e4d\u00f6st\u00e4 oikeudellisesti ja taloudellisesti kaikkein l\u00e4himp\u00e4n\u00e4.<\/p>\n<h5>12. Loppukohdat<\/h5>\n<p><strong>12.1.<\/strong> N\u00e4ihin tilausehtoihin ja XLmotors.ee-verkkokaupan kauppasopimuksiin sovelletaan Viron lakia. Mik\u00e4li tilausehtojen jokin s\u00e4\u00e4d\u00f6s on mit\u00e4t\u00f6n, se ei vaikuta muilta osin tilausehtojen tai kauppasopimuksen voimassaoloon. Mit\u00e4t\u00f6n s\u00e4\u00e4d\u00f6s korvataan laillisella s\u00e4\u00e4d\u00f6ksell\u00e4, joka on mit\u00e4t\u00f6nt\u00e4 s\u00e4\u00e4d\u00f6st\u00e4 oikeudellisesti ja taloudellisesti kaikkein l\u00e4himp\u00e4n\u00e4..[\/vc_column_text][\/vc_column][\/vc_row]<\/p>\n<\/div>","protected":false},"excerpt":{"rendered":"<p>[vc_row][vc_column el_class=&#8221;xl-buy-help-top-content&#8221;][vc_column_text] XL Motors -verkkokaupan k\u00e4ytt\u00f6ehdot 1. Yleisten myyntiehtojen voimassaolo 1.1. Yleiset myyntiehdot koskevat XLmotors.ee:n asiakkaiden (jatkossa nimell\u00e4 Asiakas) ja XLmotors.ee:n omistajan KNK Group O\u00dc:n (jatkossa nimell\u00e4 XLmotors.ee) v\u00e4lill\u00e4 tavaraa ostettaessa syntyvi\u00e4 oikeudellisia suhteita. 1.2. Yleiset myyntiehdot eiv\u00e4t saa olla ristiriidassa Viron tasavallassa voimassa olevan lains\u00e4\u00e4d\u00e4nn\u00f6n kanssa ja tarvittaessa (kiistojen tai puuttuvien tietojen yhteydess\u00e4) lains\u00e4\u00e4d\u00e4nt\u00f6 [&hellip;]<\/p>\n","protected":false},"author":1,"featured_media":0,"parent":0,"menu_order":0,"comment_status":"closed","ping_status":"closed","template":"","meta":{"_acf_changed":false,"inline_featured_image":false,"footnotes":""},"class_list":["post-77648","page","type-page","status-publish","hentry"],"acf":[],"aioseo_notices":[],"_links":{"self":[{"href":"https:\/\/xlmotors.ee\/fi\/wp-json\/wp\/v2\/pages\/77648","targetHints":{"allow":["GET"]}}],"collection":[{"href":"https:\/\/xlmotors.ee\/fi\/wp-json\/wp\/v2\/pages"}],"about":[{"href":"https:\/\/xlmotors.ee\/fi\/wp-json\/wp\/v2\/types\/page"}],"author":[{"embeddable":true,"href":"https:\/\/xlmotors.ee\/fi\/wp-json\/wp\/v2\/users\/1"}],"replies":[{"embeddable":true,"href":"https:\/\/xlmotors.ee\/fi\/wp-json\/wp\/v2\/comments?post=77648"}],"version-history":[{"count":0,"href":"https:\/\/xlmotors.ee\/fi\/wp-json\/wp\/v2\/pages\/77648\/revisions"}],"wp:attachment":[{"href":"https:\/\/xlmotors.ee\/fi\/wp-json\/wp\/v2\/media?parent=77648"}],"curies":[{"name":"wp","href":"https:\/\/api.w.org\/{rel}","templated":true}]}}