{"id":77656,"date":"2018-06-04T22:26:59","date_gmt":"2018-06-04T20:26:59","guid":{"rendered":"https:\/\/xlmotors.ee\/tietosuojakaytanto\/"},"modified":"2018-06-04T22:26:59","modified_gmt":"2018-06-04T20:26:59","slug":"tietosuojakaytanto","status":"publish","type":"page","link":"https:\/\/xlmotors.ee\/fi\/tietosuojakaytanto\/","title":{"rendered":"Tietosuojak\u00e4yt\u00e4nt\u00f6"},"content":{"rendered":"<div class=\"wpb-content-wrapper\"><p>[vc_row el_class=&#8221;xl-privacy-policy-border-text&#8221;][vc_column][vc_text_separator title=&#8221;XL Motors kunnioittaa kaikkien asiakkaittemme yksityisyytt\u00e4&#8221; css=&#8221;.vc_custom_1697482592622{margin-bottom: 50px !important;}&#8221;][\/vc_column][\/vc_row][vc_row el_class=&#8221;xl-privacy-policy-content&#8221;][vc_column][vc_column_text]<\/p>\n<h3>Seuraavassa k\u00e4sitell\u00e4\u00e4n XL Motorsin saamia ja s\u00e4ilytt\u00e4mi\u00e4 tietoja<\/h3>\n<div class=\"page\" style=\"text-align: left;\" title=\"Page 1\">\n<div class=\"layoutArea\">\n<div class=\"column\">\n<p>Verkkokaupan www.xlmotors.ee henkil\u00f6tietojen vastuullinen k\u00e4sittelij\u00e4 on KNK Group O\u00dc (rekisterikoodi 14073391), kotipaikka S\u00f5pruse puiestee 209, Tallinna, Viro, puh. +372 5380 1942 ja s\u00e4hk\u00f6postiosoite info@xlmotors.ee. KNK Group O\u00dc on henkil\u00f6tietojen vastuullinen k\u00e4sittelij\u00e4 KNK Group O\u00dc toimittaa maksujen suorittamisessa tarvittavat henkil\u00f6tiedot valtuutetulle k\u00e4sittelij\u00e4lle Montonio Finance O\u00dc:lle.<\/p>\n<h5>Millaisia henkil\u00f6tietoja k\u00e4sitell\u00e4\u00e4n<\/h5>\n<p>\u2212 nimi, puhelinnumero ja s\u00e4hk\u00f6postiosoite;<br \/>\n\u2212 tavaran toimitusosoite;<br \/>\n\u2212 pankkitilin numero;<br \/>\n\u2212 tavaroiden ja palvelujen hinta ja maksuihin liittyv\u00e4t tiedot (ostohistoria);<br \/>\n\u2212 asiakastuen tiedot.<\/p>\n<h5>Mihin tarkoitukseen henkil\u00f6tietoja k\u00e4sitell\u00e4\u00e4n<\/h5>\n<p>Henkil\u00f6tietoja k\u00e4ytet\u00e4\u00e4n asiakkaan tilausten hallinnointiin ja tavaran perille l\u00e4hett\u00e4miseen.<br \/>\nOstohistoriatietoja (oston p\u00e4iv\u00e4m\u00e4\u00e4r\u00e4, tavara, m\u00e4\u00e4r\u00e4, asiakkaan tiedot) k\u00e4ytet\u00e4\u00e4n ostettujen tavaroiden ja palvelujen katsauksen laatimiseen ja asiakasmieltymysten analysointiin. Pankkitilin numeroa k\u00e4ytet\u00e4\u00e4n maksujen palauttamiseen asiakkaalle.<br \/>\nHenkil\u00f6tietoja, kuten s\u00e4hk\u00f6postiosoite, puhelinnumero, asiakkaan nimi, k\u00e4sitell\u00e4\u00e4n tavaroiden ja palvelujen tarjoamiseen liittyvien kysymysten ratkaisemiseen (asiakastuki). Verkkokaupan k\u00e4ytt\u00e4j\u00e4n IP-osoitetta tai muita verkkotunnistetietoja k\u00e4sitell\u00e4\u00e4n tietoyhteiskunnan osana olevan verkkokaupan palvelun tarjoamiseen ja verkonk\u00e4ytt\u00f6tilaston tekemiseen.<\/p>\n<h5>Oikeudellinen perusta<\/h5>\n<p>Henkil\u00f6tietojen k\u00e4sittely tapahtuu asiakkaan kanssa solmitun sopimuksen noudattamistarkoituksessa.<br \/>\nHenkil\u00f6tietojen k\u00e4sittely tapahtuu juridisen velvollisuuden t\u00e4ytt\u00e4miseksi (esim. kirjanpito ja kuluttajariitojen ratkaiseminen).<\/p>\n<h5>Vastaanottajat, joille henkil\u00f6tietoja v\u00e4litet\u00e4\u00e4n<\/h5>\n<p>Henkil\u00f6tietoja v\u00e4litet\u00e4\u00e4n verkkokaupan asiakastuelle ostojen ja ostohistorian hallinnointiin ja asiakasongelmien ratkaisemiseen.<br \/>\nNimi, puhelinnumero ja s\u00e4hk\u00f6postiosoite v\u00e4litet\u00e4\u00e4n asiakkaan valitseman kuljetuspalvelun tarjoajalle. Jos kyseess\u00e4 on l\u00e4hetill\u00e4 perille toimitettava tavara, yhteystietojen lis\u00e4ksi v\u00e4litet\u00e4\u00e4n my\u00f6s asiakkaan osoite.<br \/>\nMik\u00e4li verkkokaupan kirjanpidon hoitaa palveluntarjoaja, henkil\u00f6tiedot v\u00e4litet\u00e4\u00e4n palveluntarjoajalle kirjapitotoimenpiteiden tekemist\u00e4 varten. Henkil\u00f6tiedot voidaan toimittaa tietotekniikkapalvelujen tarjoajille, mik\u00e4li sit\u00e4 tarvitaan verkkokaupan toimivuuden tai datan yll\u00e4pidon varmistamiseksi.<\/p>\n<h5>Turvallisuus ja p\u00e4\u00e4sy tietoihin<\/h5>\n<\/div>\n<\/div>\n<\/div>\n<div class=\"page\" style=\"text-align: left;\" title=\"Page 2\">\n<div class=\"layoutArea\">\n<div class=\"column\">\n<p>Henkil\u00f6tietoja s\u00e4ilytet\u00e4\u00e4n veebimajutus.ee:n palvelimissa, jotka sijaitsevat Euroopan unionin j\u00e4senmaan tai Euroopan unionin talousalueeseen liittyneiden valtioiden alueella. Tietoja voidaan v\u00e4litt\u00e4\u00e4 maihin, joiden tietosuojan tason Euroopan komissio on arvioinut riitt\u00e4v\u00e4ksi sek\u00e4 USA:n yrityksille, jotka ovat liittyneet tietosuojakilpisopimukseen (Privacy Shield). P\u00e4\u00e4sy henkil\u00f6tietoihin on verkkokaupan ty\u00f6ntekij\u00f6ill\u00e4, jotka saavat tutustua henkil\u00f6tietoihin ratkaistakseen verkkokaupan k\u00e4ytt\u00f6\u00f6n liittyvi\u00e4 teknisi\u00e4 kysymyksi\u00e4 ja tarjotakseen asiakastukipalvelua.<br \/>\nVerkkokauppa k\u00e4ytt\u00e4\u00e4 asianmukaisia fyysisi\u00e4, organisatorisia ja tietoteknisi\u00e4 turvakeinoja suojatakseen henkil\u00f6tiedot sattumanvaraiselta tai laittomalta h\u00e4vitt\u00e4miselt\u00e4, katoamiselta, muuttamiselta tai luvattomalta p\u00e4\u00e4sylt\u00e4 niihin sek\u00e4 julkistamiselta.<br \/>\nHenkil\u00f6tietojen v\u00e4litt\u00e4minen verkkokaupan valtuutetuille k\u00e4sittelij\u00f6ille (esim. kuljetuspalvelun tarjoaja ja datan yll\u00e4pito) tapahtuu verkkokaupan ja valtuutettujen k\u00e4sittelij\u00f6iden v\u00e4lill\u00e4 solmittujen sopimusten perusteella. Valtuutetut k\u00e4sittelij\u00e4t ovat velvolliset varmistamaan henkil\u00f6tietojen k\u00e4sittelyss\u00e4 asianmukaiset suojakeinot.<\/p>\n<h5>Henkil\u00f6tietoihin tutustuminen ja niiden korjaaminen<\/h5>\n<p>Henkil\u00f6tietoihin saa tutustua ja niit\u00e4 voi korjata verkkokaupan k\u00e4ytt\u00e4j\u00e4profiilissa. Jos osto on suoritettu ilman k\u00e4ytt\u00e4j\u00e4tili\u00e4, henkil\u00f6tietoihin voi tutustua asiakastuen v\u00e4lityksell\u00e4.<\/p>\n<h5>Suostumuksen peruminen<\/h5>\n<\/div>\n<\/div>\n<div class=\"layoutArea\">\n<div class=\"column\">\n<p>Mik\u00e4li henkil\u00f6tietojen k\u00e4sittely tapahtuu asiakkaan suostumuksen perusteella, asiakkaalla on oikeus perua suostumuksensa ilmoittamalla siit\u00e4 asiakastuelle s\u00e4hk\u00f6postitse.<\/p>\n<h5>S\u00e4ilytt\u00e4minen<\/h5>\n<p>Verkkokaupan asiakastilin sulkemisen my\u00f6t\u00e4 henkil\u00f6tiedot poistetaan, pl. mik\u00e4li sellaisia tietoja tulee s\u00e4ilytt\u00e4\u00e4 kirjanpitoa varten tai kuluttajariitojen ratkaisuun.<br \/>\nMik\u00e4li verkkokaupassa on osto suoritettu ilman asiakastili\u00e4, ostohistoria s\u00e4ilytet\u00e4\u00e4n kolmen vuoden ajan.<br \/>\nMaksuihin ja kuluttajariitoihin liittyvien kiistojen yhteydess\u00e4 henkil\u00f6tiedot s\u00e4ilytet\u00e4\u00e4n, kunnes vaatimus on t\u00e4ytetty tai vanhenemisajan loppuun saakka.<br \/>\nKirjanpitoa varten tarvittavat henkil\u00f6tiedot s\u00e4ilytet\u00e4\u00e4n seitsem\u00e4n vuoden ajan.<\/p>\n<h5><strong>Poistaminen<\/strong><\/h5>\n<\/div>\n<\/div>\n<\/div>\n<div class=\"page\" title=\"Page 3\">\n<div class=\"layoutArea\" style=\"text-align: left;\">\n<div class=\"column\">\n<p>Henkil\u00f6tietojen poistamiseksi tulee ottaa yhteytt\u00e4 asiakastukeen s\u00e4hk\u00f6postitse. Poistopyynt\u00f6ihin vastataan viimeist\u00e4\u00e4n kuukauden kuluessa, jolloin tietojen poistokausi t\u00e4smennet\u00e4\u00e4n.<\/p>\n<h5><strong>Siirt\u00e4minen<\/strong><\/h5>\n<p>S\u00e4hk\u00f6postitse esitettyyn henkil\u00f6tietojen siirtopyynt\u00f6\u00f6n vastataan viimeist\u00e4\u00e4n kuukauden kuluessa. Asiakastuki toteaa henkil\u00f6llisyyden ja ilmoittaa henkil\u00f6tiedoista, jotka kuuluvat siirrett\u00e4viksi.<\/p>\n<h5><strong>Suoramarkkinointiviestit<\/strong><\/h5>\n<\/div>\n<\/div>\n<div class=\"layoutArea\" style=\"text-align: left;\">\n<div class=\"column\">\n<p>S\u00e4hk\u00f6postiosoitetta ja puhelinnumeroa k\u00e4ytet\u00e4\u00e4n suoramarkkinointiviestien l\u00e4hett\u00e4miseen, jos asiakas on antanut siihen suostumuksensa. Mik\u00e4li asiakas ei halua saada suoramarkkinointiviestej\u00e4, h\u00e4nen tulee valita s\u00e4hk\u00f6postiviestin lopussa asianmukainen viite tai ottaa yhteytt\u00e4 asiakastukeen.<\/p>\n<h5><strong>Kiistojen ratkaiseminen<\/strong><\/h5>\n<\/div>\n<\/div>\n<div class=\"section\">\n<div class=\"layoutArea\">\n<div class=\"column\" style=\"text-align: left;\">\n<p>Henkil\u00f6tietojen k\u00e4sittelyyn liittyvien kiistojen ratkaiseminen tapahtuu asiakastuen v\u00e4lityksell\u00e4 (info@xlmotors.ee). Valvontaviranomainen on Viron tietosuojavirasto (Eesti Andmekaitse Inspektsioon, info@aki.ee).<br \/>\nMik\u00e4li XL Motorsin tietosuojak\u00e4yt\u00e4nn\u00f6st\u00e4 her\u00e4\u00e4 lis\u00e4kysymyksi\u00e4, ota rohkeasti yhteytt\u00e4 (+372) 5380 1942 tai info@xlmotors.ee.<\/p>\n<\/div>\n<\/div>\n<\/div>\n<\/div>\n<p>[\/vc_column_text][\/vc_column][\/vc_row]<\/p>\n<\/div>","protected":false},"excerpt":{"rendered":"<p>[vc_row el_class=&#8221;xl-privacy-policy-border-text&#8221;][vc_column][vc_text_separator title=&#8221;XL Motors kunnioittaa kaikkien asiakkaittemme yksityisyytt\u00e4&#8221; css=&#8221;.vc_custom_1697482592622{margin-bottom: 50px !important;}&#8221;][\/vc_column][\/vc_row][vc_row el_class=&#8221;xl-privacy-policy-content&#8221;][vc_column][vc_column_text] Seuraavassa k\u00e4sitell\u00e4\u00e4n XL Motorsin saamia ja s\u00e4ilytt\u00e4mi\u00e4 tietoja Verkkokaupan www.xlmotors.ee henkil\u00f6tietojen vastuullinen k\u00e4sittelij\u00e4 on KNK Group O\u00dc (rekisterikoodi 14073391), kotipaikka S\u00f5pruse puiestee 209, Tallinna, Viro, puh. +372 5380 1942 ja s\u00e4hk\u00f6postiosoite info@xlmotors.ee. KNK Group O\u00dc on henkil\u00f6tietojen vastuullinen k\u00e4sittelij\u00e4 KNK Group O\u00dc toimittaa [&hellip;]<\/p>\n","protected":false},"author":1,"featured_media":0,"parent":0,"menu_order":0,"comment_status":"closed","ping_status":"closed","template":"","meta":{"_acf_changed":false,"inline_featured_image":false,"footnotes":""},"class_list":["post-77656","page","type-page","status-publish","hentry"],"acf":[],"aioseo_notices":[],"_links":{"self":[{"href":"https:\/\/xlmotors.ee\/fi\/wp-json\/wp\/v2\/pages\/77656","targetHints":{"allow":["GET"]}}],"collection":[{"href":"https:\/\/xlmotors.ee\/fi\/wp-json\/wp\/v2\/pages"}],"about":[{"href":"https:\/\/xlmotors.ee\/fi\/wp-json\/wp\/v2\/types\/page"}],"author":[{"embeddable":true,"href":"https:\/\/xlmotors.ee\/fi\/wp-json\/wp\/v2\/users\/1"}],"replies":[{"embeddable":true,"href":"https:\/\/xlmotors.ee\/fi\/wp-json\/wp\/v2\/comments?post=77656"}],"version-history":[{"count":0,"href":"https:\/\/xlmotors.ee\/fi\/wp-json\/wp\/v2\/pages\/77656\/revisions"}],"wp:attachment":[{"href":"https:\/\/xlmotors.ee\/fi\/wp-json\/wp\/v2\/media?parent=77656"}],"curies":[{"name":"wp","href":"https:\/\/api.w.org\/{rel}","templated":true}]}}