{"id":77672,"date":"2021-10-28T10:11:27","date_gmt":"2021-10-28T08:11:27","guid":{"rendered":"https:\/\/xlmotors.ee\/tavaratilamattojen-esittely\/"},"modified":"2025-04-25T13:09:17","modified_gmt":"2025-04-25T11:09:17","slug":"tavaratilamattojen-esittely","status":"publish","type":"page","link":"https:\/\/xlmotors.ee\/fi\/tavaratilamattojen-esittely\/","title":{"rendered":"Tavaratilamattojen esittely"},"content":{"rendered":"<div class=\"wpb-content-wrapper\"><p>[vc_section][vc_row equal_height=&#8221;yes&#8221; content_placement=&#8221;middle&#8221;][vc_column width=&#8221;1\/2&#8243; el_class=&#8221;xl-youtube-column-left&#8221;][vc_column_text css=&#8221;.vc_custom_1642413139170{padding-top: 4% !important;padding-right: 4% !important;padding-bottom: 4% !important;padding-left: 4% !important;background-color: #ededed !important;border-radius: 5px !important;}&#8221;]<\/p>\n<h3>SISUKORD<\/h3>\n<p><strong><a class=\"local-scroll-link\" href=\"#1\">\u2192 Miks eelistada mudelip\u00f5hist pagasimatti?<\/a><\/strong><br \/>\n<strong><a class=\"local-scroll-link\" href=\"#2\">\u2192 Pagasimati eelised<\/a><\/strong><br \/>\n<strong><a class=\"local-scroll-link\" href=\"#3\">\u2192 Erinevad pagasimatid<\/a><\/strong><br \/>\n<strong><a class=\"local-scroll-link\" href=\"#4\">\u2192 Miks on meie pagasimatid head?<\/a><\/strong><br \/>\n<strong><a class=\"local-scroll-link\" href=\"#6\">\u2192 Korduma kippuvad k\u00fcsimused<\/a><\/strong>[\/vc_column_text][\/vc_column][vc_column width=&#8221;1\/2&#8243; css=&#8221;.vc_custom_1635409156304{background-image: url(https:\/\/xlmotors.ee\/wp-content\/uploads\/BMW-4GT-pagas-scaled.jpg?id=48343) !important;background-position: center !important;background-repeat: no-repeat !important;background-size: contain !important;}&#8221;][\/vc_column][\/vc_row][\/vc_section][vc_row][vc_column][vc_empty_space][vc_column_text]<\/p>\n<h2><strong>Sissejuhatus<\/strong><\/h2>\n<p>&nbsp;<\/p>\n<p><span style=\"font-weight: 400;\">Pagasiruum on hea koht asjade transportimiseks ja hoidmiseks. Paraku on need asjad tihti mustad ning <\/span><span style=\"font-weight: 400;\">m\u00e4\u00e4rivad<\/span><span style=\"font-weight: 400;\"> auto originaalsisu \u00e4ra. Olgu selleks koer, mootorsaag, t\u00f6\u00f6saapad v\u00f5i lapsevanker \u2013 varem v\u00f5i hiljem <\/span><span style=\"font-weight: 400;\">m\u00e4\u00e4rivad<\/span><span style=\"font-weight: 400;\"> n<\/span><span style=\"font-weight: 400;\">ee<\/span><span style=\"font-weight: 400;\">d auto \u00e4ra. Sellises olukorras tasuks kindlasti m\u00f5elda auto tekstiilosade kaitsmisele.<\/span><\/p>\n<p><span style=\"font-weight: 400;\">Vesi, muda ja muud vedelikud on salakavalad. Hiljem auto kuivata<\/span><span style=\"font-weight: 400;\">mine<\/span><span style=\"font-weight: 400;\"> ning tuuluta<\/span><span style=\"font-weight: 400;\">mine<\/span><span style=\"font-weight: 400;\"> v\u00f5ib olla k\u00fcllaltki keeruline ja aegan\u00f5udev tegevus. Selle jaoks ongi olemas spetsiaalsed pagasiruumi matid, mis autot v\u00f5i kaupa kaitsevad. Nii saate n\u00e4iteks m\u00e4rjad riided visata mati peale <\/span><span style=\"font-weight: 400;\">ja<\/span><span style=\"font-weight: 400;\"> v\u00f5ite olla kindel, et see vesi ei j\u00f5ua teie auto sisemuseni. Tihti oleme ka olukorras, kus pagasiruumi matt on universaalne ehk vale m\u00f5\u00f5duga ning osa autost m\u00e4\u00e4rdub ikkagi.<\/span><\/p>\n<p><span style=\"font-weight: 400;\">\u00a0Lihtsam on seda k\u00f5ike ennetada ning hankida endale korrektne pagasimatt. Meie\u00a0<\/span><a href=\"https:\/\/xlmotors.ee\/tootekategooria\/kummimatid\/pagasi-kummimatid\"><span style=\"font-weight: 400;\">laiast tootevalikust<\/span><\/a><span style=\"font-weight: 400;\"> leiate endale kindlasti sobiva <\/span><span style=\"font-weight: 400;\">mati<\/span><span style=\"font-weight: 400;\"> ning saate selle lihtsa<\/span><span style=\"font-weight: 400;\">sti enda autosse<\/span> <span style=\"font-weight: 400;\">paigaldada. Oleme m\u00e4rganud, et kaubanduses on saadaval ka universaalsed matid. Kuid kui pagasimatt ei ole \u00f5ige m\u00f5\u00f5duga, siis v\u00f5ite olulise osa enda pagasiruumist kaotada ning t\u00e4nu sellele on ka kaitstud ala maht v\u00e4iksem.<\/span> <span style=\"font-weight: 400;\">Kuna oleme spetsialiseerunud antud toodetele, siis meie mudelip\u00f5hised pagasimatid on kindlasti parim valik Teie auto<\/span><span style=\"font-weight: 400;\">ss<\/span><span style=\"font-weight: 400;\">e. Ideaalne sobivus ning kena disain aitavad muuta Teie <\/span><span style=\"font-weight: 400;\">s\u00f5iduki<\/span><span style=\"font-weight: 400;\"> praktilisemaks ja kindlasti ka ilusamaks.<\/span>[\/vc_column_text][\/vc_column][\/vc_row][vc_row el_id=&#8221;1&#8243;][vc_column][vc_media_grid element_width=&#8221;2&#8243; initial_loading_animation=&#8221;none&#8221; grid_id=&#8221;vc_gid:1643719206111-1588143c-cd41-3&#8243; include=&#8221;48582,48345,46307,46306,46309,48667&#8243;][vc_empty_space][vc_column_text]<\/p>\n<h2><b>Miks eelistada mudelip\u00f5hist pagasimatti?<\/b><\/h2>\n<p>&nbsp;<\/p>\n<p><span style=\"font-weight: 400;\">Maksimaalse maksimaalse kaitse tagamiseks peab pagasikate sobituma ideaalselt.<\/span> <span style=\"font-weight: 400;\">\u00a0Kui pagasimatt on liiga v\u00e4ike v\u00f5i vale kujuga, siis selle mahutamine v\u00f5ib olla \u00e4\u00e4rmiselt t\u00fc\u00fctu ja keeru<\/span><span style=\"font-weight: 400;\">line<\/span><span style=\"font-weight: 400;\"> tegevus. Kindlasti ei tohiks pagasimatti <\/span><span style=\"font-weight: 400;\">ise sobivasse <\/span><span style=\"font-weight: 400;\">m\u00f5\u00f5tu l\u00f5igata. Sellisel juhul kaob \u00e4ra osa funktsionaalsusest.<\/span><span style=\"font-weight: 400;\"> Hea oleks, kui Teie pagasiruumi matt on vedelikke mittelabilaskev. See aitab kaitsta pagasimati all olevaid t\u00e4htsaid elektrikomponente.<\/span><span style=\"font-weight: 400;\"> Paljud autotootjad k\u00fcsivad v\u00e4ga kallist hinda tehaseoriginaal pagasimati eest<\/span><span style=\"font-weight: 400;\">.<\/span><span style=\"font-weight: 400;\"> Meie tootevalikust leiate <\/span><span style=\"font-weight: 400;\">aga <\/span><span style=\"font-weight: 400;\">m\u00f5istliku hinnaga toote, mis on v\u00e4hemalt sama hea v\u00f5i isegi parem. Kuna tegemist on eemaldatava tootega, siis saate seda kasutada ja puhastada t\u00e4pselt siis, kui te seda vajate. \u00dclej\u00e4\u00e4nud aja v\u00f5ib toode olla panipaigas v\u00f5i garaa\u017eis.<\/span>[\/vc_column_text][\/vc_column][\/vc_row][vc_row el_id=&#8221;2&#8243;][vc_column][vc_empty_space][vc_column_text]<\/p>\n<h2><b>Pagasimati eelised<\/b><\/h2>\n<p>&nbsp;<\/p>\n<p><span style=\"font-weight: 400;\">Meie k\u00f5igi jaoks on oluline enda vara hoidmine ja v\u00e4\u00e4rtuse s\u00e4ilitamine. \u00dchel p\u00e4eval otsustate kindlasti enda auto m\u00fc\u00fcki panna, ning loodate selle eest saada v\u00f5imalikult k\u00f5rget hinda. Kui olete kasutanud\u00a0<\/span><a href=\"https:\/\/en.wikipedia.org\/wiki\/Car_boot_liner\"><span style=\"font-weight: 400;\">pagasimatti<\/span><\/a><span style=\"font-weight: 400;\">, siis v\u00f5ite <\/span><span style=\"font-weight: 400;\">kindlad olla<\/span><span style=\"font-weight: 400;\">, et teie pagasiruum ei ole saanud niiskusest ja mustusest tingitud kahjustusi. T\u00e4pselt sama kehtib ka erinevate asjade kohta, mis v\u00f5ivad m\u00e4\u00e4rida teie auto sisemust. N\u00e4iteks, kui tegelete jalgrattaspordiga ning aeg-ajalt transpordite oma jalgratast auto pagasiruumis. Alati tekib oht, et \u00f5litatud kett v\u00f5ib j\u00e4tta j\u00e4ljed auto sisemusele ning selle puhastamine on \u00e4\u00e4rmiselt keerukas ning kulukas tegevus. Plekki \u00fchelt kohalt eemaldades tekib risk, et antud koht j\u00e4\u00e4b erineva tooniga. Meie silmis muudab pagasimati kasutamine auto m\u00e4\u00e4rdumise suhtes turvalisemaks ning k\u00f5rvale ei saa j\u00e4tta ka praktilisust.<\/span>[\/vc_column_text][\/vc_column][\/vc_row][vc_row el_id=&#8221;3&#8243;][vc_column][vc_empty_space][vc_column_text]<\/p>\n<h2><b>Erinevad pagasimatid<\/b><\/h2>\n<p>&nbsp;<\/p>\n<p><span style=\"font-weight: 400;\"><a href=\"https:\/\/xlmotors.ee\/wp-content\/uploads\/p1.jpg\"><img decoding=\"async\" class=\"alignright size-large wp-image-46197\" src=\"https:\/\/xlmotors.ee\/wp-content\/uploads\/p1-1024x576.jpg\" alt=\"auto pagasimatt\" width=\"640\" height=\"360\" srcset=\"https:\/\/xlmotors.ee\/wp-content\/uploads\/p1-1024x576.jpg?v=1745496821 1024w, https:\/\/xlmotors.ee\/wp-content\/uploads\/p1-570x321.jpg?v=1745496821 570w, https:\/\/xlmotors.ee\/wp-content\/uploads\/p1-270x152.jpg?v=1745496821 270w, https:\/\/xlmotors.ee\/wp-content\/uploads\/p1-1000x563.jpg?v=1745496821 1000w, https:\/\/xlmotors.ee\/wp-content\/uploads\/p1.jpg?v=1745496821 1280w\" sizes=\"(max-width: 640px) 100vw, 640px\" \/><\/a>Nii nagu ka k\u00f5igi teiste toodetega, on iga pagasimatt pisut erinev. Eeldusel, et soovite parimat v\u00f5imalikku kvaliteeti, siis tuleks enda pilgud p\u00f6\u00f6rata Premium\/EVA t\u00fc\u00fcpi toodete poole, mis meie tootevalikus on. Kordumatu kvaliteet ja hea vastupidavus. Pagasimattide puhul on kasutusel peamiselt kummist ja plastist valmistatud tooted. P\u00f5hjus selleks on \u00e4\u00e4rmiselt lihtne ja loogiline <\/span><span style=\"font-weight: 400;\">&#8211; s<\/span><span style=\"font-weight: 400;\">elline matt suudab oluliselt paremini kaitsta teie auto sisemust ning <\/span><span style=\"font-weight: 400;\">aitab <\/span><span style=\"font-weight: 400;\">v\u00e4l<\/span><span style=\"font-weight: 400;\">tida<\/span><span style=\"font-weight: 400;\"> m\u00e4\u00e4rdumist. Tavaliselt on mattide servad \u00fcles keeratud, et vedelikud ei saaks valguda matist eemale. Olukorras, kus m\u00f5ni vedelik otsustab anumast lekkida \u2013 peate lihtsalt mati korraks autost v\u00e4lja v\u00f5tma ning selle vedelikust t\u00fchjendama. S\u00f5ltuvalt milline oli lekkiv aine v\u00f5ib <\/span><span style=\"font-weight: 400;\">olla vajalik<\/span><span style=\"font-weight: 400;\"> ka puhastam<\/span><span style=\"font-weight: 400;\">ine<\/span><span style=\"font-weight: 400;\"> vee v\u00f5i m\u00f5ne pesuainega. Mis aga k\u00f5ige olulisem, <\/span><span style=\"font-weight: 400;\">T<\/span><span style=\"font-weight: 400;\">eie auto j\u00e4i puhtaks ning p\u00e4\u00e4sesite v\u00e4ga lihtsa protseduuriga. Autode sisepesu maksumus on k\u00fcllaltki k\u00f5rge ning t\u00e4nu pagasimatile v\u00e4ltisite seda kulutust v\u00e4ga lihtsalt.\u00a0<\/span><\/p>\n<ul class=\"xl-spacing-list-content\">\n<li style=\"font-weight: 400;\" aria-level=\"1\"><span style=\"font-weight: 400;\">Parim valik &#8211; Premium\/EVA pagasimatid &#8211; vastupidav, l\u00f5hnatu ja niiskuskindel.<\/span><\/li>\n<li style=\"font-weight: 400;\" aria-level=\"1\"><span style=\"font-weight: 400;\">Populaarseim valik &#8211; kummist pagasimatid &#8211; tegemist on vastupidavate mattidega, mis sobivad kasutamiseks nii talvel, kui ka suvel.\u00a0<\/span><\/li>\n<li style=\"font-weight: 400;\" aria-level=\"1\"><span style=\"font-weight: 400;\">Soodne valik- tekstiilist pagasimatid &#8211; lai v\u00e4rvivalik ja l\u00f5hnatu<\/span><\/li>\n<\/ul>\n<p>[\/vc_column_text][vc_btn title=&#8221;Tutvu Premium pagasimattide valikuga&#8221; style=&#8221;classic&#8221; color=&#8221;mulled-wine&#8221; i_align=&#8221;right&#8221; i_icon_fontawesome=&#8221;fas fa-angle-right&#8221; add_icon=&#8221;true&#8221; link=&#8221;url:https%3A%2F%2Fxlmotors.ee%2Ffi%2Ftootekategooria%2Fpremium-matid%2Fpagasi-premium-matid%2F|&#8221; el_class=&#8221;meie-tooted-btn-block&#8221;][\/vc_column][\/vc_row][vc_row el_id=&#8221;4&#8243;][vc_column][vc_empty_space][vc_column_text]<\/p>\n<h2><b>Miks on meie pagasimatid head?<\/b><\/h2>\n<p>&nbsp;<\/p>\n<p><a href=\"https:\/\/xlmotors.ee\/\"><span style=\"font-weight: 400;\">Meie veebipoes<\/span><\/a><span style=\"font-weight: 400;\"> saadaval olevad tooted on kvaliteetsed ja igap\u00e4evases kasutuses ennast korduvalt t\u00f5estanud. V\u00f5iks k\u00fcll arvata, et erinevatel materjalidel ei ole suurt vahet, kuid tegelikult on vahe suur. Odavad materjalid kipuvad murenema ning t\u00e4nu sellele tekib suur oht lekkeks. Nagu varasemalt oleme maininud, siis pagasimati \u00fclesandeks on j\u00e4tta k\u00f5ik vedelikud mati peale, mitte auto interj\u00f6\u00f6ri. Lisaks on odavamad materjalid valmistatud selliselt, et nendega kaasneb ka ebameeldiv l\u00f5hn v\u00f5i m\u00e4\u00e4rivad nad omakorda \u00fcmbritsevat. V\u00f5iks k\u00fcll arvata, et see kaob kiiresti, kuid tegelikult v\u00f5ib see n\u00e4iteks suure kuumusega v\u00f5imenduda. Sellises olukorras on meie arvates m\u00f5istlik teha investeering ning soetada endale pisut kallim, kuid kvaliteetsem toode. Meie tootevalikust leiate enda autole kindlasti sobiva toote, mis muudab teie elu oluliselt lihtsamaks. Soovitame k\u00f5ikidel klientidel v\u00e4ltida universaalseid matte, sest k\u00f5igile on selge, et iga auto vajab siiski spetsiaalsete m\u00f5\u00f5tudega matte. Eriti ebamugavaks muutub olukord juhile m\u00f5eldud matiga, kuna see v\u00f5ib takistada pedaalide normaalset kasutamist.<\/span>[\/vc_column_text][\/vc_column][\/vc_row][vc_row el_id=&#8221;6&#8243;][vc_column][vc_empty_space][vc_column_text]<\/p>\n<h2><b>Korduma kippuvad k\u00fcsimused<\/b><\/h2>\n<p>&nbsp;<\/p>\n<p><span style=\"font-weight: 400;\">Meie poole on p\u00f6\u00f6rdunud palju erinevaid kliente, kes on soovinud rohkem informatsiooni. Kuna k\u00fcsimused on v\u00e4ga erinevad, siis soovime neid ka teiega jagada. Loodame, et saate ka m\u00f5nele enda k\u00fcsimusele vastuse ning t\u00e4nu sellele saate osta endale sobiva toote.<\/span>[\/vc_column_text][vc_row_inner][vc_column_inner el_class=&#8221;kkk-section-para&#8221;][vc_column_text]<\/p>\n<h3><strong>Kuidas valida \u00f5ige pagasimatt?<\/strong><\/h3>\n<p><span style=\"font-weight: 400;\">Esiteks peate selgeks tegema, mis on teie auto mark ning mudel ja peale seda saate endale lihtsalt valida sobiva toote. K\u00fcsimuste korral saate alati ka meiega \u00fchendust v\u00f5tta ning juhendame Teid v\u00f5imalikult t\u00e4pselt.<\/span><span style=\"font-weight: 400;\">\u00a0<\/span><\/p>\n<h3><strong>Kas pagasimatid sobivad igasse autosse?<\/strong><\/h3>\n<p><span style=\"font-weight: 400;\">Iga auto jaoks on olemas spetsiaalse suuruse ja kujuga pagasimatt. Loomulikult on olemas ka autosid, millele ei ole v\u00f5imalik pakkuda tooteid. Saate mugavalt toodete hulgast vaadata, kas teie s\u00f5idukile on olemas meie juures sobilik toode.<\/span><\/p>\n<h3><strong>Miks pagasikate on vajalik?<\/strong><\/h3>\n<p><span style=\"font-weight: 400;\">Peamiselt on tegemist tootega, mis aitab teie auto sisemust kaitsta m\u00e4\u00e4rdumise eest. Saate n\u00e4iteks ilma muretsemata sinna asetada asjad, mis tavalises olukorras m\u00e4\u00e4riksid teie auto sisemust. Kaitske enda autot, ning teie auto p\u00fcsib kauem v\u00e4rske ja ilusana.<\/span>[\/vc_column_text][\/vc_column_inner][\/vc_row_inner][vc_btn title=&#8221;Auto porimattide tutvustus&#8221; style=&#8221;classic&#8221; color=&#8221;mulled-wine&#8221; i_align=&#8221;right&#8221; i_icon_fontawesome=&#8221;fas fa-angle-right&#8221; add_icon=&#8221;true&#8221; link=&#8221;url:https%3A%2F%2Fxlmotors.ee%2Ffi%2Fsisatilamattojen-esittely%2F|&#8221; el_class=&#8221;meie-tooted-btn-block&#8221;][\/vc_column][\/vc_row]<!--more--><\/p>\n<\/div>","protected":false},"excerpt":{"rendered":"<p>[vc_section][vc_row equal_height=&#8221;yes&#8221; content_placement=&#8221;middle&#8221;][vc_column width=&#8221;1\/2&#8243; el_class=&#8221;xl-youtube-column-left&#8221;][vc_column_text css=&#8221;.vc_custom_1642413139170{padding-top: 4% !important;padding-right: 4% !important;padding-bottom: 4% !important;padding-left: 4% !important;background-color: #ededed !important;border-radius: 5px !important;}&#8221;] SISUKORD \u2192 Miks eelistada mudelip\u00f5hist pagasimatti? \u2192 Pagasimati eelised \u2192 Erinevad pagasimatid \u2192 Miks on meie pagasimatid head? \u2192 Korduma kippuvad k\u00fcsimused[\/vc_column_text][\/vc_column][vc_column width=&#8221;1\/2&#8243; css=&#8221;.vc_custom_1635409156304{background-image: url(https:\/\/xlmotors.ee\/wp-content\/uploads\/BMW-4GT-pagas-scaled.jpg?id=48343) !important;background-position: center !important;background-repeat: no-repeat !important;background-size: contain !important;}&#8221;][\/vc_column][\/vc_row][\/vc_section][vc_row][vc_column][vc_empty_space][vc_column_text] Sissejuhatus &nbsp; Pagasiruum on hea [&hellip;]<\/p>\n","protected":false},"author":1,"featured_media":0,"parent":0,"menu_order":0,"comment_status":"closed","ping_status":"closed","template":"","meta":{"_acf_changed":false,"inline_featured_image":false,"footnotes":""},"class_list":["post-77672","page","type-page","status-publish","hentry"],"acf":[],"aioseo_notices":[],"_links":{"self":[{"href":"https:\/\/xlmotors.ee\/fi\/wp-json\/wp\/v2\/pages\/77672","targetHints":{"allow":["GET"]}}],"collection":[{"href":"https:\/\/xlmotors.ee\/fi\/wp-json\/wp\/v2\/pages"}],"about":[{"href":"https:\/\/xlmotors.ee\/fi\/wp-json\/wp\/v2\/types\/page"}],"author":[{"embeddable":true,"href":"https:\/\/xlmotors.ee\/fi\/wp-json\/wp\/v2\/users\/1"}],"replies":[{"embeddable":true,"href":"https:\/\/xlmotors.ee\/fi\/wp-json\/wp\/v2\/comments?post=77672"}],"version-history":[{"count":3,"href":"https:\/\/xlmotors.ee\/fi\/wp-json\/wp\/v2\/pages\/77672\/revisions"}],"predecessor-version":[{"id":84381,"href":"https:\/\/xlmotors.ee\/fi\/wp-json\/wp\/v2\/pages\/77672\/revisions\/84381"}],"wp:attachment":[{"href":"https:\/\/xlmotors.ee\/fi\/wp-json\/wp\/v2\/media?parent=77672"}],"curies":[{"name":"wp","href":"https:\/\/api.w.org\/{rel}","templated":true}]}}