{"id":77675,"date":"2021-10-29T11:23:04","date_gmt":"2021-10-29T09:23:04","guid":{"rendered":"https:\/\/xlmotors.ee\/sisatilamattojen-esittely\/"},"modified":"2025-04-25T13:14:21","modified_gmt":"2025-04-25T11:14:21","slug":"sisatilamattojen-esittely","status":"publish","type":"page","link":"https:\/\/xlmotors.ee\/fi\/sisatilamattojen-esittely\/","title":{"rendered":"Sis\u00e4tilamattojen esittely"},"content":{"rendered":"<div class=\"wpb-content-wrapper\"><p>[vc_section][vc_row equal_height=&#8221;yes&#8221; content_placement=&#8221;middle&#8221;][vc_column width=&#8221;1\/2&#8243; el_class=&#8221;xl-youtube-column-left&#8221;][vc_column_text css=&#8221;.vc_custom_1697444034885{padding-top: 4% !important;padding-right: 4% !important;padding-bottom: 4% !important;padding-left: 4% !important;background-color: #ededed !important;border-radius: 5px !important;}&#8221;]<\/p>\n<h3>SIS\u00c4LLYSLUETTELO<\/h3>\n<p><strong><a class=\"local-scroll-link\" href=\"#1\">\u2192 Miksi automattoja tarvitaan?<\/a><\/strong><br \/>\n<strong><a class=\"local-scroll-link\" href=\"#2\">\u2192 Millaiset automattojen erot ovat?<\/a><\/strong><br \/>\n<strong><a class=\"local-scroll-link\" href=\"#3\">\u2192 Auton Premium-matot (EVA-matot)<\/a><\/strong><br \/>\n<strong><a class=\"local-scroll-link\" href=\"#4\">\u2192 Auton kumimatot<\/a><\/strong><br \/>\n<strong><a class=\"local-scroll-link\" href=\"#5\">\u2192 Auton tekstiilimatot<\/a><\/strong><br \/>\n<strong><a class=\"local-scroll-link\" href=\"#6\">\u2192 Usein kysyttyj\u00e4 kysymyksi\u00e4<\/a><\/strong>[\/vc_column_text][\/vc_column][vc_column width=&#8221;1\/2&#8243;][vc_video link=&#8221;https:\/\/youtu.be\/v3k0pCKWiLg&#8221;][\/vc_column][\/vc_row][\/vc_section][vc_row][vc_column][vc_empty_space][vc_column_text]<\/p>\n<h2>Johdanto<\/h2>\n<p>&nbsp;<\/p>\n<p>Automatot ovat helpoin tapa raikastaa auton sis\u00e4tiloja. Ilmasto-olomme huomioon ottaen on \u00e4\u00e4rett\u00f6m\u00e4n hankalaa pit\u00e4\u00e4 auton lattia jatkuvasti puhtaana. Syksyll\u00e4 ja talvella jalkojen mukana autoon tahtoo tulla my\u00f6s suuria m\u00e4\u00e4ri\u00e4 lokaa ja vett\u00e4, jota jonkin ajan kuluttua on eritt\u00e4in vaikeaa poistaa t\u00e4ysin. Kuivalla ja kauniilla s\u00e4\u00e4ll\u00e4 voi k\u00e4ytt\u00e4\u00e4 my\u00f6s tekstiilimattoja, jotka lis\u00e4\u00e4v\u00e4t mukavuutta ja pehmeytt\u00e4 jalkojesi alle. Lis\u00e4ksi visuaalisesti parempi ulkon\u00e4k\u00f6 on taattuna. Tarjoamme t\u00e4ydellisen automattovalikoiman s\u00e4\u00e4olosuhteiden ja sinun makusi mukaisesti.<\/p>\n<p>Kaupastamme voit valita itsellesi oikeanmittaiset ja ihanteellisesti sopivat matot ja vaihtaa vanhat ja kuluneet tuotteesi. Sopivien tuotteiden l\u00f6yt\u00e4misen j\u00e4lkeen voit alla varma siit\u00e4, ett\u00e4 autosi sis\u00e4tilat n\u00e4ytt\u00e4v\u00e4t kuin uusilta \u2013 sen edellytyksen\u00e4 on varmasti my\u00f6s edelt\u00e4 k\u00e4sin suoritettu asianmukainen sis\u00e4pesu ja huolto. Seuraavassa tarkastelemme, millaisia erilaisia mattoja on saatavana ja millaisissa tilanteissa niit\u00e4 voi k\u00e4ytt\u00e4\u00e4.[\/vc_column_text][\/vc_column][\/vc_row][vc_row el_id=&#8221;1&#8243;][vc_column][vc_media_grid element_width=&#8221;2&#8243; initial_loading_animation=&#8221;none&#8221; grid_id=&#8221;vc_gid:1745579625050-225e2712-f568-10&#8243; include=&#8221;49785,49487,49486,49482,49472,48667&#8243;][vc_empty_space][vc_column_text]<\/p>\n<h2><b>Miksi automattoja tarvitaan?<\/b><\/h2>\n<p>&nbsp;<\/p>\n<p>Auton sis\u00e4tilojen mattoja tarvitaan l\u00e4hinn\u00e4 siksi, ett\u00e4 autoasi olisi mahdollisimman helppo siivoja. Niin voit mukavasti suojata autosi sis\u00e4tiloja liialta lialta ja loalta. Eri tilanteissa kannattaa k\u00e4ytt\u00e4\u00e4 my\u00f6s erityyppisi\u00e4 mattoja. Vuodenajan mukaan voit valita autoon tekstiilimatot, jotta autosi sis\u00e4tilat pysyisiv\u00e4t puhtaina. Talvioloissa on j\u00e4rkev\u00e4\u00e4 ottaa k\u00e4ytt\u00f6\u00f6n kumista valmistetut sis\u00e4tilojen matot tai meid\u00e4n omat tuotteemme Premium (EVA) -matot.<\/p>\n<p>Tekstiilist\u00e4 valmistetut automatot kastuvat ja voivat aiheuttaa autoon liikaa kosteutta. Kes\u00e4oloissa siit\u00e4 ei aiheudu ongelmia, mutta jos mattoihin ker\u00e4\u00e4ntyy liikaa kosteutta, ne pit\u00e4isi tuulettaa ulkona ja kuivattaa. Uuden auton osalta sis\u00e4tilojen puhtaana pit\u00e4minen auttaa s\u00e4ilytt\u00e4m\u00e4\u00e4n auton arvoa. Automatot muuttavat autolla ajon paremmaksi ja mukavammaksi. Samoin ne varmistavat paremman pidon ja est\u00e4v\u00e4t sen vaaran, ett\u00e4 jalka liukuisi. Tulee ehdottomasti valita kiinnitykselliset matot. Se auttaa v\u00e4ltt\u00e4m\u00e4\u00e4n vaarallisen tilanteen, jossa matot liukuvat poljinten alle.[\/vc_column_text][\/vc_column][\/vc_row][vc_row el_id=&#8221;2&#8243;][vc_column][vc_empty_space][vc_column_text]<\/p>\n<h2><b>Millaiset automattojen erot ovat?<\/b><\/h2>\n<p>&nbsp;<\/p>\n<h3>Mallikohtaiset automatot<\/h3>\n<p><span style=\"font-weight: 400;\">Kuten monien muidenkin tuotteiden osalta, jokaiseen autoon sopivat juuri t\u00e4lle kyseiselle ajoneuvolle tarkoitetut automatot. Automatto tosin laaja k\u00e4site, mutta oikeastaan sen rajaa varsin tarkoin kyseisen auton malli. On selv\u00e4\u00e4, ett\u00e4 pienen auton lattialle ei sovi suuren maasturin matot. Siksi valikoimassamme onkin mallikohtaisia mattoja, jotka sopivat ihanteellisesti juuri sinun autoosi. Tarvittaessa automatot on eritt\u00e4in helppo irrottaa ja pest\u00e4. Suosittelemme sinuakin asentamaan autoon matot ja nauttimaan mukavuudesta ja helppoudesta. Laajasta tuotevalikoimasta l\u00f6yd\u00e4t mallikohtaiset automatot, jotka ovat laadukkaat ja valmistetut vain parhaasta materiaalista.<\/span><\/p>\n<h3>Erilaiset materiaalit<\/h3>\n<p><span style=\"font-weight: 400;\">Automatot jakautuvat p\u00e4\u00e4asiassa kahdenlaisiin \u2013 saatavana on kumisia mattoja ja tekstiilist\u00e4 valmistettuja tuotteita. Tuotevalikoimassamme on lis\u00e4ksi ainutlaatuisia Premium-mattoja, jotka t\u00e4ytt\u00e4v\u00e4t t\u00e4ydellisesti asiakkaiden tarpeet ja korvaavat sek\u00e4 tekstiili- ett\u00e4 kumimatot. Seuraavassa tarkastelemme, millaisia ovat n\u00e4iden mattojen edut ja miss\u00e4 suhteessa ne eroavat toisistaan.<\/span>[\/vc_column_text][\/vc_column][\/vc_row][vc_row el_id=&#8221;3&#8243;][vc_column][vc_empty_space][vc_column_text]<\/p>\n<h2>Auton Premium-matot (EVA-matot)<\/h2>\n<p>&nbsp;<\/p>\n<p><span style=\"font-weight: 400;\"><a href=\"https:\/\/xlmotors.ee\/wp-content\/uploads\/Erimoodud@2x.png\"><img decoding=\"async\" class=\"alignright wp-image-49487\" src=\"https:\/\/xlmotors.ee\/wp-content\/uploads\/Erimoodud@2x-270x196.png\" alt=\"kvaliteetsed Eestis valmistatud margip\u00f5hised automatid ja porimatid, sobivad auto p\u00f5randale ja saab valmistada ka eritellimusel matte\" width=\"376\" height=\"273\" srcset=\"https:\/\/xlmotors.ee\/wp-content\/uploads\/Erimoodud@2x-270x196.png?v=1745496510 270w, https:\/\/xlmotors.ee\/wp-content\/uploads\/Erimoodud@2x-570x413.png?v=1745496510 570w, https:\/\/xlmotors.ee\/wp-content\/uploads\/Erimoodud@2x.png?v=1745496510 670w\" sizes=\"(max-width: 376px) 100vw, 376px\" \/><\/a><\/span><\/p>\n<p>XL Motors on innovatiivinen Premium (EVA) -mattojen valmistaja. Premium-matot valmistetaan etyleenivinyyliasetaattimateriaalista, siksi niit\u00e4 kutsutaan lyhennettyn\u00e4 EVA-matoiksi. Kumin tapaan materiaalien etuna on joustavuus ja kest\u00e4vyys. Materiaali kest\u00e4\u00e4 l\u00e4mp\u00f6tilanvaihteluita, s\u00e4teily\u00e4 ja halkeilua. Premium-matot sopivat ihanteellisesti syyskaudelle ja talvikaudelle, kun ulkona on enemm\u00e4n vett\u00e4 ja lokaa. Syyn\u00e4 on ainutlaatuinen kuvio, joka pit\u00e4\u00e4 veden ja lian paikallaan ja on samalla helposti puhdistettava. Irtolian ja veden voi helposti ravistaa matolta pois. Kiinni olevasta liasta p\u00e4\u00e4see nopeasti eroon painepesulla. Premium-mattoja on my\u00f6s hyvin mukavaa k\u00e4ytt\u00e4\u00e4 kes\u00e4ll\u00e4. Esimerkiksi rannassa k\u00e4ymisen j\u00e4lkeen autossa on aina hiekkaa ja tekstiilimatoista sit\u00e4 on hankalaa puhdistaa. Premium-maton k\u00e4\u00e4nn\u00e4t yksinkertaisesti yl\u00f6salaisin, niin hiekka\/pikkukivet\/muut roskat putoavat itse pois. T\u00e4m\u00e4n lis\u00e4ksi kaikki Premium-matot ovat mallikohtaisia ja suojaavat autosi sis\u00e4tilan ja tavaratilan lattiaa loistavasti. Matoissa on tehtaan suunnittelemat kiinnitykset. Se v\u00e4hent\u00e4\u00e4 riski\u00e4, ett\u00e4 matot liukuisivat jalkojen alla.<\/p>\n<p>Innovatiivisia EVA-mattoja valmistamme eriv\u00e4risin\u00e4. Se antaa sinulle mahdollisuuden sovittaa ne auton interi\u00f6\u00f6riin\/eksteri\u00f6\u00f6riin tai valita yksinkertaisesti oma lempiv\u00e4risi. Valitsemalla mattojen reunukset voi luoda ainutlaatuisia v\u00e4riyhdistelmi\u00e4, joita on yhteens\u00e4 yli 50 erilaista. Automattosarjassa on tavallisesti 4-5 mattoa (2 edess\u00e4, 2 takana, voi valmistaa my\u00f6s ns. tunnelin p\u00e4\u00e4lle asetettavan maton). Voi tilata my\u00f6s erikoismittaisia ja yksitt\u00e4isi\u00e4 mattoja.<\/p>\n<p>T\u00e4rke\u00e4 n\u00e4k\u00f6kohta on materiaalin luontoyst\u00e4v\u00e4llisyys. Vaalimalla luontoa autamme v\u00e4hent\u00e4m\u00e4\u00e4n ekologista jalanj\u00e4lke\u00e4.<\/p>\n<p>N\u00e4m\u00e4 ominaisuudet tekev\u00e4t t\u00e4st\u00e4 materiaalista auton sis\u00e4tila- ja tavaratilamattojen valmistukseen ihanteellisen.<\/p>\n<p>Meid\u00e4n matoillemme on k\u00e4ytt\u00f6\u00e4 my\u00f6s auton ulkopuolella. Erikoisratkaisuina asiakkaamme ovat tilanneet niit\u00e4 veneisiin\/moottoriveneisiin, matkailuautoihin ja kodin ovimatoiksi ja kylpyammematoiksi. Olemme valmistaneet samasta materiaalista my\u00f6s sopivan kokoisia ja muotoisia p\u00e4\u00e4llysteit\u00e4 autoon lasten istuinten alle. Ne suojaavat auton istuimia turvaistuinten hankauksesta aiheutuvalta kulumiselta<span style=\"font-weight: 400;\">. <\/span>[\/vc_column_text][vc_row_inner equal_height=&#8221;yes&#8221; content_placement=&#8221;middle&#8221; gap=&#8221;20&#8243; el_class=&#8221;xl-spacing-content-page&#8221;][vc_column_inner width=&#8221;1\/2&#8243;][vc_column_text]<\/p>\n<h3><b>Miksi asiakkaat p\u00e4\u00e4tt\u00e4v\u00e4t valita Premium-matot?<\/b><\/h3>\n<ul>\n<li>T\u00e4ydellinen sopivuus \u2013 mallikohtaiset matot<\/li>\n<li>Voimme valmistaa asiakkaan toivomien mittojen mukaan<\/li>\n<li><span style=\"font-weight: 400;\">Eritt\u00e4in helposti puhdistettavat \u00a0<\/span><\/li>\n<li style=\"font-weight: 400;\" aria-level=\"1\">Materiaalin kest\u00e4vyys\n<ul>\n<li style=\"font-weight: 400;\" aria-level=\"2\">Joustava, taipuisa ja pehme\u00e4<\/li>\n<li style=\"font-weight: 400;\" aria-level=\"2\">Kest\u00e4\u00e4 l\u00e4mp\u00f6tilanmuutoksia, s\u00e4teily\u00e4 ja halkeilua<\/li>\n<li style=\"font-weight: 400;\" aria-level=\"2\">Vedenpit\u00e4v\u00e4 \u2013 pit\u00e4\u00e4 vett\u00e4 ja likaa<\/li>\n<li style=\"font-weight: 400;\" aria-level=\"2\">Pitk\u00e4\u00e4n kest\u00e4v\u00e4, luontoyst\u00e4v\u00e4llinen<\/li>\n<\/ul>\n<\/li>\n<li style=\"font-weight: 400;\" aria-level=\"1\">Yksil\u00f6llinen ulkon\u00e4k\u00f6\n<ul>\n<li style=\"font-weight: 400;\" aria-level=\"2\">Ainutlaatuinen rakenne, joka antaa ajoneuvon sis\u00e4tiloille esteettisen ulkon\u00e4\u00f6n<\/li>\n<li style=\"font-weight: 400;\" aria-level=\"2\">Erilaisia materiaalin v\u00e4rej\u00e4: musta, harmaa, ruskea, beige, sininen, punainen, viininpunainen<\/li>\n<li style=\"font-weight: 400;\" aria-level=\"2\">Erilaisia reunusten v\u00e4rej\u00e4: musta, harmaa, hopea, ruskea, beige, sininen, punainen (erikoistoivomuksesta my\u00f6s valkoinen, keltainen, oranssi)<\/li>\n<li style=\"font-weight: 400;\" aria-level=\"2\">Mallin mukaisesti suunnitellut maton kiinnitykset: musta, harmaa ja beige<\/li>\n<\/ul>\n<\/li>\n<\/ul>\n<p>[\/vc_column_text][\/vc_column_inner][vc_column_inner width=&#8221;1\/2&#8243;][vc_video link=&#8221;https:\/\/youtu.be\/1tRN_6yYoIE&#8221;][\/vc_column_inner][\/vc_row_inner][vc_btn title=&#8221;Tutvu meie Premium automattide valikuga&#8221; style=&#8221;classic&#8221; color=&#8221;mulled-wine&#8221; i_align=&#8221;right&#8221; i_icon_fontawesome=&#8221;&#8221; css=&#8221;&#8221; add_icon=&#8221;true&#8221; link=&#8221;url:%2Ffi%2Fsalongi-premium-matid-mark%2F&#8221; el_class=&#8221;meie-tooted-btn-block&#8221;][\/vc_column][\/vc_row][vc_row el_id=&#8221;4&#8243;][vc_column][vc_empty_space][vc_column_text]<\/p>\n<h2>Auton kumimatot<\/h2>\n<p>&nbsp;<\/p>\n<p>Koska meill\u00e4 vuodenajat vaihtuvat ja el\u00e4mme jatkuvasti muuttuvissa olosuhteissa, kannattaa valita itselle my\u00f6s jokaiseen tilanteeseen oikea tuote. Kumimatot sopivat ihanteellisesti syksyyn ja talveen. Syy t\u00e4h\u00e4n on \u00e4\u00e4rett\u00f6m\u00e4n yksinkertainen \u2013 syksyll\u00e4 ja talvella luonnossamme on huomattavasti enemm\u00e4n vett\u00e4 ja lokaa, jotka likaisivat tekstiilimatot helposti. Auton kumimatot eiv\u00e4t my\u00f6sk\u00e4\u00e4n ime kosteutta sis\u00e4\u00e4ns\u00e4, vaan vesi j\u00e4\u00e4 niiden p\u00e4\u00e4lle. T\u00e4ll\u00f6in matoilta voi kaataa veden ulos ja kuivata ne. Tuotevalikoimassamme olevat kumimatot ovat mallikohtaiset ja voit valita itsellesi tarkalleen sellaiset tuotteet, joita tarvitset. Kumimattojen autoon asentaminen on \u00e4\u00e4rett\u00f6m\u00e4n helppoa ja siit\u00e4 selvi\u00e4\u00e4 jokainen. Uskallamme suositella asiakkaillemme t\u00e4k\u00e4l\u00e4isiin olosuhteisiin sopivia kumisia mattoja.<\/p>\n<p>Kumimatto suojaa autosi sis\u00e4tilaa merkitt\u00e4v\u00e4sti paremmin kuin tekstiilimatto. Kumiset matot ovat my\u00f6s helpommin puhdistettavia ja niiden huolto on oleellisesti helpompaa. Koska verkkokaupassamme olevat mallikohtaiset kumimatot ovat erityisesti ajoneuvoosi suunniteltuja, niiden asennus on t\u00e4ysin samanlainen, kuin tehtaasta tulleiden tuotteiden. Olemme vakuuttuneet siit\u00e4, ett\u00e4 l\u00f6yd\u00e4t my\u00f6s omaan autoosi sopivat tuotteet ja voit helposti vaihtaa vanhat uusiin. [\/vc_column_text][vc_row_inner equal_height=&#8221;yes&#8221; content_placement=&#8221;middle&#8221; gap=&#8221;20&#8243; el_class=&#8221;.korgus xl-spacing-content-page&#8221;][vc_column_inner width=&#8221;1\/2&#8243; css=&#8221;.vc_custom_1635334271083{border-bottom-width: 20px !important;padding-top: 20px !important;}&#8221;][vc_column_text]<\/p>\n<h3><strong>Miksi asiakkaat suosivat kumimattojamme?<\/strong><\/h3>\n<ul>\n<li style=\"font-weight: 400;\" aria-level=\"1\">T\u00e4ydellinen sopivuus \u2013 mallikohtaiset matot<\/li>\n<li style=\"font-weight: 400;\" aria-level=\"1\">Mallin mukaisesti suunnitellut maton kiinnitykset<\/li>\n<li style=\"font-weight: 400;\" aria-level=\"1\">Laadukas, pitk\u00e4\u00e4n kest\u00e4v\u00e4, tuoksuton materiaali<\/li>\n<li style=\"font-weight: 400;\" aria-level=\"1\">Suuri varastom\u00e4\u00e4r\u00e4 ja nopea toimitus<\/li>\n<\/ul>\n<p><span style=\"font-weight: 400;\"><br \/>\n<\/span><span style=\"font-weight: 400;\">XL Motors on Viron suurin kumimattojen j\u00e4lleenmyyj\u00e4. Tarjoamme suurimman sis\u00e4tilojen ja tavaratilojen kumimattovalikoiman. Kaikki kumimatot ovat mallikohtaisia ja sopivat autoosi ihanteellisesti. Matot ovat my\u00f6s hajuttomia. Tutustu kumimattovalikoimaamme.<\/span>[\/vc_column_text][vc_btn title=&#8221;Tutvu meie kummimattide valikuga&#8221; style=&#8221;classic&#8221; color=&#8221;mulled-wine&#8221; i_align=&#8221;right&#8221; i_icon_fontawesome=&#8221;&#8221; css=&#8221;&#8221; add_icon=&#8221;true&#8221; link=&#8221;url:%2Ffi%2Fsalongi-kummimatid-mark%2F&#8221; el_class=&#8221;meie-tooted-btn-block&#8221;][\/vc_column_inner][vc_column_inner width=&#8221;1\/2&#8243; css=&#8221;.vc_custom_1635335350324{background-image: url(https:\/\/xlmotors.ee\/wp-content\/uploads\/kummimatid@2x.png?id=49486) !important;}&#8221;][\/vc_column_inner][\/vc_row_inner][\/vc_column][\/vc_row][vc_row el_id=&#8221;5&#8243;][vc_column][vc_empty_space][vc_column_text]<\/p>\n<h2>Auton tekstiilimatot<\/h2>\n<p>&nbsp;<\/p>\n<p>Luultavasti me kaikki haluamme, ett\u00e4 automme n\u00e4ytt\u00e4isi mahdollisimman hyv\u00e4lt\u00e4 sek\u00e4 sis\u00e4lt\u00e4 ett\u00e4 ulkoa. T\u00e4llaisessa tilanteessa hyvin\u00e4 apureinasi ovat varmasti auton tekstiilimatot, jotka tekev\u00e4t autosi interi\u00f6\u00f6rist\u00e4 kauniin ja samalla suojaavat alkuper\u00e4ist\u00e4 mattoa lialta. Lis\u00e4ksi tekstiilimatot ovat my\u00f6s jalan alla mukavammat. Kuitenkin kannattaa ottaa huomioon se, ett\u00e4 jos likaat esimerkiksi vaaleans\u00e4vyisen automaton kuralla, sen puhdistaminen voi vied\u00e4 melkoisesti aikaa. Sen voi kuitenkin teett\u00e4\u00e4 my\u00f6s jossakin pesulassa, jossa alansa asiantuntijat hoitavat asian. Usein kodeissa ei ole riitt\u00e4v\u00e4n tehokkaita puhdistusaineita, jotka pystyisiv\u00e4t muuttamaan likaantuneen maton taas uuden veroiseksi. Siten suosittelemme k\u00e4ytt\u00e4m\u00e4\u00e4n tekstiilimattoja l\u00e4hinn\u00e4 kev\u00e4\u00e4ll\u00e4 ja kes\u00e4ll\u00e4, kun ulkona on kuivaa. Siin\u00e4 tapauksessa voit olla varma siit\u00e4, ett\u00e4 matot pysyv\u00e4t kauniina ja n\u00e4ytt\u00e4vin\u00e4 ja autosi interi\u00f6\u00f6ri on t\u00e4ydellinen. Kun olet asentanut autoosi tekstiilimatot, ymm\u00e4rr\u00e4t, ett\u00e4 kyseess\u00e4 on kumimattoihin verrattuna kauniimpi ratkaisu. Auton tekstiilimattoja on saatavana eri v\u00e4ris\u00e4vyisin\u00e4 ja erikokoisina. Voit valita itsellesi mallikohtaisen tuotteet, jotka sopivat kauniiseen autoosi kuin valetut. Monet meist\u00e4 haluavat muuttaa autonsa kiinnostavammaksi, ja meid\u00e4n tarjoamiemme mattojen ansiosta se on my\u00f6s mahdollista. Ehk\u00e4p\u00e4 pieni v\u00e4riero muuttaa autosi interi\u00f6\u00f6rin kauniimmaksi ja samalla my\u00f6s ylellisemm\u00e4ksi?<\/p>\n<p>XL Motors on laadukkaiden sis\u00e4tila- ja tavaratilamattojen valmistaja. Kaikki meid\u00e4n mattomme ovat mallikohtaisia ja suojaavat autosi sis\u00e4tilan ja tavaratilan lattiaa loistavasti. Matoissa on tehtaan suunnittelemat kiinnitykset. Automattosarjassa on tavallisesti 4-5 mattoa (2 edess\u00e4, 2 takana, voi valmistaa my\u00f6s ns. tunnelin p\u00e4\u00e4lle asetettavan maton). Voi tilata my\u00f6s erikoismittaisia ja yksitt\u00e4isi\u00e4 mattoja. [\/vc_column_text][vc_row_inner equal_height=&#8221;yes&#8221; content_placement=&#8221;middle&#8221; gap=&#8221;20&#8243; el_class=&#8221;xl-spacing-content-page&#8221;][vc_column_inner width=&#8221;1\/2&#8243; css=&#8221;.vc_custom_1635334271083{border-bottom-width: 20px !important;padding-top: 20px !important;}&#8221;][vc_column_text]<\/p>\n<h3><strong>Millaisia tekstiilimattoja tarjoamme?\u00a0<\/strong><\/h3>\n<ul>\n<li style=\"font-weight: 400;\" aria-level=\"1\">Eri v\u00e4ris\u00e4vyisi\u00e4 auton ja kuorma-auton sis\u00e4tila- ja tavaratilamattoja: musta, harmaa, beige<\/li>\n<li style=\"font-weight: 400;\" aria-level=\"1\">Eri v\u00e4ris\u00e4vyisi\u00e4 reunuksia: musta, harmaa, hopea, ruskea, beige, punainen, sininen<\/li>\n<li style=\"font-weight: 400;\" aria-level=\"1\">Mallien mukaiset suunnitellut matonkiinnikkeet: musta, harmaa ja beige<\/li>\n<li style=\"font-weight: 400;\" aria-level=\"1\">Valmistamme asiakkaan kaavojen\/mittojen mukaan<\/li>\n<\/ul>\n<p>&nbsp;<\/p>\n<h3><strong>Miksi asiakkaat suosivat meid\u00e4n tekstiilimattojamme?<\/strong><\/h3>\n<ul>\n<li style=\"font-weight: 400;\" aria-level=\"1\">T\u00e4ydellinen sopivuus \u2013 mallikohtaiset matot<\/li>\n<li style=\"font-weight: 400;\" aria-level=\"1\">Laadukas, pitk\u00e4\u00e4n kest\u00e4v\u00e4, hajuton materiaali<\/li>\n<li style=\"font-weight: 400;\" aria-level=\"1\">Erilaiset materiaalin ja reunusten v\u00e4rit<\/li>\n<\/ul>\n<p>[\/vc_column_text][vc_btn title=&#8221;Tutvu meie tekstiilmattide valikuga&#8221; style=&#8221;classic&#8221; color=&#8221;mulled-wine&#8221; i_align=&#8221;right&#8221; i_icon_fontawesome=&#8221;&#8221; css=&#8221;&#8221; add_icon=&#8221;true&#8221; link=&#8221;url:%2Ffi%2Fsalongi-tekstiilmatid-mark%2F&#8221; el_class=&#8221;meie-tooted-btn-block&#8221;][\/vc_column_inner][vc_column_inner width=&#8221;1\/2&#8243; css=&#8221;.vc_custom_1635335786154{background-image: url(https:\/\/xlmotors.ee\/wp-content\/uploads\/Tekstiilmatid@2x.png?id=49482) !important;}&#8221;][\/vc_column_inner][\/vc_row_inner][\/vc_column][\/vc_row][vc_row el_id=&#8221;6&#8243;][vc_column][vc_empty_space][vc_column_text]<\/p>\n<h2>Usein kysyttyj\u00e4 kysymyksi\u00e4<\/h2>\n<p>&nbsp;<\/p>\n<p><span style=\"font-weight: 400;\">Asiakkaamme esitt\u00e4v\u00e4t meille usein erilaisia kysymyksi\u00e4, jotka koskevat automattoja. Tavallisesti kysymykset ovat meille tuttuja ja voimme vastata niihin nopeasti. On silti tullut vastaan my\u00f6s sellaisia kysymyksi\u00e4, jotka ovat olemukseltaan syvempi\u00e4 ja vaativat hieman selvitt\u00e4mist\u00e4. Haluamme jakaa kanssasi yleisimm\u00e4t meille esitetyt kysymykset.<\/span>[\/vc_column_text][vc_row_inner el_class=&#8221;xl-spacing-content-page xl-no-spacing-content-page&#8221;][vc_column_inner][vc_column_text]<\/p>\n<h3><strong>Sopivatko automatot jokaiseen ajoneuvoon?<\/strong><\/h3>\n<p><span style=\"font-weight: 400;\">Kaikki mattomme ovat mallikohtaisia ja suojaavat loistavasti autosi sis\u00e4- ja tavaratilan lattiaa. Matoissa on tehtaan suunnittelemat kiinnitykset.<\/span><\/p>\n<h3><strong>Mit\u00e4 minun tulee ottaa mattoja valitessani huomioon?<\/strong><\/h3>\n<p><span style=\"font-weight: 400;\">Ehdottomasti sinun tulee tiet\u00e4\u00e4, mink\u00e4 vuoden auto ja malli sinulla on. Silloin voit valita valikoimastamme itsellesi sopivan tuotteen. P\u00e4\u00e4osa autojen matoista on erikokoisia ja -muotoisia, ja kyseess\u00e4 ei ole yleisk\u00e4ytt\u00f6inen tuote. Yleens\u00e4 yleisk\u00e4ytt\u00f6iset tuotteet ovat huonoja eiv\u00e4tk\u00e4 pysy kunnolla paikoillaan.<\/span><\/p>\n<h3><strong>Voinko valita erilaisista v\u00e4reist\u00e4?<\/strong><\/h3>\n<p><span style=\"font-weight: 400;\">Voit valita autoosi eri s\u00e4vyj\u00e4 ja ratkaisuja. Valikoimassamme on materiaalin v\u00e4rein\u00e4: musta, harmaa, ruskea, sininen, viininpunainen, punainen ja beige. Reunusten v\u00e4rit ovat: musta, harmaa, hopea, punainen, sininen, beige, keltainen, valkoinen ja oranssi. Saadaksesi tarkemman katsauksen tuotevalikoimasta k\u00e4y automallisi tuotesivulla.<\/span><\/p>\n<h3><strong>Mit\u00e4 automattosarjaan kuuluu?<\/strong><\/h3>\n<p><span style=\"font-weight: 400;\">Automattosarjassa on tavallisesti 4-5 mattoa (2 edess\u00e4, 2 takana, voi valmistaa my\u00f6s ns. tunnelin p\u00e4\u00e4lle asetettavan maton). Mahdollista my\u00f6s tilata erikoismittaisia tai yksitt\u00e4isi\u00e4 mattoja.<\/span><\/p>\n<h3><strong>Miten usein minun tulisi vaihtaa auton sis\u00e4tilojen matot?<\/strong><\/h3>\n<p><span style=\"font-weight: 400;\">Kyseess\u00e4 on hyvin yksil\u00f6llinen kysymys, koska ihmisten auton k\u00e4ytt\u00f6 on hyvin erilaista. Jos esimerkiksi ty\u00f6n vuoksi joudut p\u00e4ivitt\u00e4in kosketuksiin loan ja lian kanssa, auton ihanteellisen ulkon\u00e4\u00f6n s\u00e4ilytt\u00e4miseksi sinun tulee vaihtaa matot useammin kuin niiden, jotka k\u00e4ytt\u00e4v\u00e4t autoa esimerkiksi vain pari kertaa viikossa. Kysymykseen ei ole vain yht\u00e4 vastausta.<\/span>[\/vc_column_text][\/vc_column_inner][\/vc_row_inner][vc_btn title=&#8221;Auto pagasimattide tutvustus&#8221; style=&#8221;classic&#8221; color=&#8221;mulled-wine&#8221; i_align=&#8221;right&#8221; i_icon_fontawesome=&#8221;&#8221; css=&#8221;&#8221; add_icon=&#8221;true&#8221; link=&#8221;url:%2Ffi%2Ftavaratilamattojen-esittely%2F&#8221; el_class=&#8221;meie-tooted-btn-block&#8221;][\/vc_column][\/vc_row]<\/p>\n<\/div>","protected":false},"excerpt":{"rendered":"<p>[vc_section][vc_row equal_height=&#8221;yes&#8221; content_placement=&#8221;middle&#8221;][vc_column width=&#8221;1\/2&#8243; el_class=&#8221;xl-youtube-column-left&#8221;][vc_column_text css=&#8221;.vc_custom_1697444034885{padding-top: 4% !important;padding-right: 4% !important;padding-bottom: 4% !important;padding-left: 4% !important;background-color: #ededed !important;border-radius: 5px !important;}&#8221;] SIS\u00c4LLYSLUETTELO \u2192 Miksi automattoja tarvitaan? \u2192 Millaiset automattojen erot ovat? \u2192 Auton Premium-matot (EVA-matot) \u2192 Auton kumimatot \u2192 Auton tekstiilimatot \u2192 Usein kysyttyj\u00e4 kysymyksi\u00e4[\/vc_column_text][\/vc_column][vc_column width=&#8221;1\/2&#8243;][vc_video link=&#8221;https:\/\/youtu.be\/v3k0pCKWiLg&#8221;][\/vc_column][\/vc_row][\/vc_section][vc_row][vc_column][vc_empty_space][vc_column_text] Johdanto &nbsp; Automatot ovat helpoin tapa raikastaa auton sis\u00e4tiloja. Ilmasto-olomme huomioon [&hellip;]<\/p>\n","protected":false},"author":1,"featured_media":0,"parent":0,"menu_order":0,"comment_status":"closed","ping_status":"closed","template":"","meta":{"_acf_changed":false,"inline_featured_image":false,"footnotes":""},"class_list":["post-77675","page","type-page","status-publish","hentry"],"acf":[],"aioseo_notices":[],"_links":{"self":[{"href":"https:\/\/xlmotors.ee\/fi\/wp-json\/wp\/v2\/pages\/77675","targetHints":{"allow":["GET"]}}],"collection":[{"href":"https:\/\/xlmotors.ee\/fi\/wp-json\/wp\/v2\/pages"}],"about":[{"href":"https:\/\/xlmotors.ee\/fi\/wp-json\/wp\/v2\/types\/page"}],"author":[{"embeddable":true,"href":"https:\/\/xlmotors.ee\/fi\/wp-json\/wp\/v2\/users\/1"}],"replies":[{"embeddable":true,"href":"https:\/\/xlmotors.ee\/fi\/wp-json\/wp\/v2\/comments?post=77675"}],"version-history":[{"count":5,"href":"https:\/\/xlmotors.ee\/fi\/wp-json\/wp\/v2\/pages\/77675\/revisions"}],"predecessor-version":[{"id":84384,"href":"https:\/\/xlmotors.ee\/fi\/wp-json\/wp\/v2\/pages\/77675\/revisions\/84384"}],"wp:attachment":[{"href":"https:\/\/xlmotors.ee\/fi\/wp-json\/wp\/v2\/media?parent=77675"}],"curies":[{"name":"wp","href":"https:\/\/api.w.org\/{rel}","templated":true}]}}