{"id":78234,"date":"2020-06-30T13:10:56","date_gmt":"2020-06-30T11:10:56","guid":{"rendered":"https:\/\/xlmotors.ee\/automaatit-joissa-on-erikoismitat\/"},"modified":"2025-04-26T07:20:53","modified_gmt":"2025-04-26T05:20:53","slug":"automaatit-joissa-on-erikoismitat","status":"publish","type":"page","link":"https:\/\/xlmotors.ee\/fi\/automaatit-joissa-on-erikoismitat\/","title":{"rendered":"Automaatit, joissa on erikoismitat"},"content":{"rendered":"<div class=\"wpb-content-wrapper\"><p>[vc_row el_class=&#8221;xl-individual-dimensions-row&#8221;][vc_column][vc_column_text]<\/p>\n<ul>\n<li>Etk\u00f6 l\u00f6yd\u00e4 autoosi laadukasta ja oikean kokoista salonki- tai matkatavaramattoa?<\/li>\n<li>Vaikuttavatko alkuper\u00e4iset matot liian pienilt\u00e4 eiv\u00e4tk\u00e4 ne peit\u00e4 auton lattiaa kunnolla? Vai eik\u00f6 universaali matkatavaramatto suojaa tavaratilaa t\u00e4ysin lialta?<\/li>\n<li>Haluatko ohjainmaton vasemman jalkatuen kanssa vai erillisen p\u00f6lymaton takaistuinten v\u00e4lisen tunnelin peitt\u00e4miseksi? Vai ostaisitko mieluummin yksitt\u00e4isi\u00e4 mattoja?<\/li>\n<li>Haluaisitko k\u00e4ytt\u00e4\u00e4 mattoja muuhun tarkoitukseen (koti, m\u00f6kki)?<\/li>\n<\/ul>\n<p>&nbsp;<\/p>\n<p>Jos vastasit &#8220;kyll\u00e4&#8221; ainakin yhteen n\u00e4ist\u00e4 kysymyksist\u00e4, olet oikeassa paikassa ja tarvitset erikoiskokoisen koneen.  <strong>XL Motors on Premium- (EVA) ja tekstiilimattojen valmistaja.<\/strong>  Tarjoamme asiakkaillemme mahdollisuuden tilata mattoja heid\u00e4n omien mittojensa ja toiveidensa mukaan. Voit lukea lis\u00e4\u00e4 tuotteistamme (mukaan lukien automattojen materiaalit) Tuotteemme-sivulta. Auton mattojen materiaaleihin voi tutustua my\u00f6s paikan <a href=\"https:\/\/xlmotors.ee\/fi\/yhteystiedot\/\">p\u00e4\u00e4ll\u00e4<\/a> osoitteessa S\u00f5pruse puiestee 209, Tallinna, Viro.[\/vc_column_text][\/vc_column][\/vc_row][vc_row][vc_column el_class=&#8221;xl-premium-matid-form-column&#8221;][vc_column_text]Kuvaile haluamasi maton koko alla olevalla lomakkeella ja vastaa seuraaviin kysymyksiin:<\/p>\n<ol>\n<li>Mik\u00e4 on maton leveys ja pituus? Jos mattoa on muotoiltava, tee piirustus ja l\u00e4het\u00e4 se s\u00e4hk\u00f6postitse <strong>osoitteeseen info@xlmotors.ee.<\/strong><\/li>\n<li>Onko tuoteluettelossamme jokin analoginen tuote, jonka haluaisit r\u00e4\u00e4t\u00e4l\u00f6id\u00e4? Jos kyll\u00e4, kirjoita tuotteen nimi tai lis\u00e4\u00e4 linkki.<\/li>\n<li>Mist\u00e4 materiaalista haluatte matot? Mink\u00e4 materiaalin ja verhoiluv\u00e4rin valitset?<\/li>\n<li>Onko olemassa lis\u00e4ehtoja, jotka meid\u00e4n on otettava huomioon mattoa tehdess\u00e4mme?<\/li>\n<\/ol>\n<p>[\/vc_column_text]\n<div class=\"wpcf7 no-js\" id=\"wpcf7-f2244-o1\" lang=\"et\" dir=\"ltr\" data-wpcf7-id=\"2244\">\n<div class=\"screen-reader-response\"><p role=\"status\" aria-live=\"polite\" aria-atomic=\"true\"><\/p> <ul><\/ul><\/div>\n<form action=\"\/fi\/wp-json\/wp\/v2\/pages\/78234#wpcf7-f2244-o1\" method=\"post\" class=\"wpcf7-form init\" aria-label=\"Contact form\" novalidate=\"novalidate\" data-status=\"init\">\n<fieldset class=\"hidden-fields-container\"><input type=\"hidden\" name=\"_wpcf7\" value=\"2244\" \/><input type=\"hidden\" name=\"_wpcf7_version\" value=\"6.1.5\" \/><input type=\"hidden\" name=\"_wpcf7_locale\" value=\"et\" \/><input type=\"hidden\" name=\"_wpcf7_unit_tag\" value=\"wpcf7-f2244-o1\" \/><input type=\"hidden\" name=\"_wpcf7_container_post\" value=\"0\" \/><input type=\"hidden\" name=\"_wpcf7_posted_data_hash\" value=\"\" \/><input type=\"hidden\" name=\"_wpcf7_recaptcha_response\" value=\"\" \/>\n<\/fieldset>\n<div class=\"contact-form-row-one\">\n\t<div class=\"contact-form-col-one\">\n\t\t<p><span class=\"wpcf7-form-control-wrap\" data-name=\"fullname\"><input size=\"40\" maxlength=\"400\" class=\"wpcf7-form-control wpcf7-text wpcf7-validates-as-required form-control\" aria-required=\"true\" aria-invalid=\"false\" placeholder=\"Nimi\" value=\"\" type=\"text\" name=\"fullname\" \/><\/span>\n\t\t<\/p>\n\t<\/div>\n\t<div class=\"contact-form-col-two\">\n\t\t<p><span class=\"wpcf7-form-control-wrap\" data-name=\"email-526\"><input size=\"40\" maxlength=\"400\" class=\"wpcf7-form-control wpcf7-email wpcf7-validates-as-required wpcf7-text wpcf7-validates-as-email form-control\" aria-required=\"true\" aria-invalid=\"false\" placeholder=\"E-post\" value=\"\" type=\"email\" name=\"email-526\" \/><\/span>\n\t\t<\/p>\n\t<\/div>\n<\/div>\n<div class=\"contact-form-row-three\">\n\t<p><span class=\"wpcf7-form-control-wrap\" data-name=\"textarea-932\"><textarea cols=\"40\" rows=\"10\" maxlength=\"2000\" class=\"wpcf7-form-control wpcf7-textarea form-control\" aria-invalid=\"false\" placeholder=\"S\u00f5num\" name=\"textarea-932\"><\/textarea><\/span>\n\t<\/p>\n<\/div>\n<div class=\"contact-form-row-four-btn\">\n<span class=\"wpcf7-form-control-wrap recaptcha\" data-name=\"recaptcha\"><span data-sitekey=\"6Lc65lkmAAAAAAcejmH5_X1Iy05XNU_xtrW4yr1K\" class=\"wpcf7-form-control wpcf7-recaptcha g-recaptcha\"><\/span>\r\n<noscript>\r\n\t<div class=\"grecaptcha-noscript\">\r\n\t\t<iframe loading=\"lazy\" src=\"https:\/\/www.recaptcha.net\/recaptcha\/api\/fallback?k=6Lc65lkmAAAAAAcejmH5_X1Iy05XNU_xtrW4yr1K\" frameborder=\"0\" scrolling=\"no\" width=\"310\" height=\"430\">\r\n\t\t<\/iframe>\r\n\t\t<textarea name=\"g-recaptcha-response\" rows=\"3\" cols=\"40\" placeholder=\"reCaptcha Response Here\">\r\n\t\t<\/textarea>\r\n\t<\/div>\r\n<\/noscript>\r\n<\/span>\n\t<p><input class=\"wpcf7-form-control wpcf7-submit has-spinner form-control\" type=\"submit\" value=\"Saada s\u00f5num\" \/>\n\t<\/p>\n<\/div><p style=\"display: none !important;\" class=\"akismet-fields-container\" data-prefix=\"_wpcf7_ak_\"><label>&#916;<textarea name=\"_wpcf7_ak_hp_textarea\" cols=\"45\" rows=\"8\" maxlength=\"100\"><\/textarea><\/label><input type=\"hidden\" id=\"ak_js_1\" name=\"_wpcf7_ak_js\" value=\"75\"\/><script>document.getElementById( \"ak_js_1\" ).setAttribute( \"value\", ( new Date() ).getTime() );<\/script><\/p><input type='hidden' class='wpcf7-pum' value='{\"closepopup\":false,\"closedelay\":0,\"openpopup\":false,\"openpopup_id\":0}' \/><div class=\"wpcf7-response-output\" aria-hidden=\"true\"><\/div>\n<\/form>\n<\/div>\n[vc_column_text]Tuotanto kest\u00e4\u00e4 yleens\u00e4 3-4 ty\u00f6p\u00e4iv\u00e4\u00e4, ja saat juuri sinulle sopivan matkustamo- tai matkatavaramaton. Jos sinulla on kysytt\u00e4v\u00e4\u00e4, ota yhteytt\u00e4 asiakaspalveluumme <strong>+372 5380 1942<\/strong>.<\/p>\n<p>Pyyd\u00e4 tarjous ja anna meid\u00e4n huolehtia matoistasi![\/vc_column_text][\/vc_column][\/vc_row][vc_row][vc_column][vc_empty_space][vc_text_separator title=&#8221;Tehty ty\u00f6&#8221; title_align=&#8221;separator_align_left&#8221; color=&#8221;custom&#8221; accent_color=&#8221;#c7c7c7&#8243; el_class=&#8221;xl-buy-help-h4&#8243;][vc_media_grid element_width=&#8221;2&#8243; grid_id=&#8221;vc_gid:1643800923806-8086648b-8c39-0&#8243; include=&#8221;52328,52329,52330,52331,52332,52333,52334,52335,52336,52337,52338,52339,52340,52341,52342,52343,52344,52345&#8243;][\/vc_column][\/vc_row]<\/p>\n<\/div>","protected":false},"excerpt":{"rendered":"<p>[vc_row el_class=&#8221;xl-individual-dimensions-row&#8221;][vc_column][vc_column_text] Etk\u00f6 l\u00f6yd\u00e4 autoosi laadukasta ja oikean kokoista salonki- tai matkatavaramattoa? Vaikuttavatko alkuper\u00e4iset matot liian pienilt\u00e4 eiv\u00e4tk\u00e4 ne peit\u00e4 auton lattiaa kunnolla? Vai eik\u00f6 universaali matkatavaramatto suojaa tavaratilaa t\u00e4ysin lialta? Haluatko ohjainmaton vasemman jalkatuen kanssa vai erillisen p\u00f6lymaton takaistuinten v\u00e4lisen tunnelin peitt\u00e4miseksi? Vai ostaisitko mieluummin yksitt\u00e4isi\u00e4 mattoja? Haluaisitko k\u00e4ytt\u00e4\u00e4 mattoja muuhun tarkoitukseen (koti, m\u00f6kki)? [&hellip;]<\/p>\n","protected":false},"author":1,"featured_media":0,"parent":0,"menu_order":0,"comment_status":"closed","ping_status":"closed","template":"","meta":{"_acf_changed":false,"inline_featured_image":false,"footnotes":""},"class_list":["post-78234","page","type-page","status-publish","hentry"],"acf":[],"aioseo_notices":[],"_links":{"self":[{"href":"https:\/\/xlmotors.ee\/fi\/wp-json\/wp\/v2\/pages\/78234","targetHints":{"allow":["GET"]}}],"collection":[{"href":"https:\/\/xlmotors.ee\/fi\/wp-json\/wp\/v2\/pages"}],"about":[{"href":"https:\/\/xlmotors.ee\/fi\/wp-json\/wp\/v2\/types\/page"}],"author":[{"embeddable":true,"href":"https:\/\/xlmotors.ee\/fi\/wp-json\/wp\/v2\/users\/1"}],"replies":[{"embeddable":true,"href":"https:\/\/xlmotors.ee\/fi\/wp-json\/wp\/v2\/comments?post=78234"}],"version-history":[{"count":2,"href":"https:\/\/xlmotors.ee\/fi\/wp-json\/wp\/v2\/pages\/78234\/revisions"}],"predecessor-version":[{"id":78236,"href":"https:\/\/xlmotors.ee\/fi\/wp-json\/wp\/v2\/pages\/78234\/revisions\/78236"}],"wp:attachment":[{"href":"https:\/\/xlmotors.ee\/fi\/wp-json\/wp\/v2\/media?parent=78234"}],"curies":[{"name":"wp","href":"https:\/\/api.w.org\/{rel}","templated":true}]}}