{"id":78240,"date":"2022-02-02T19:21:13","date_gmt":"2022-02-02T17:21:13","guid":{"rendered":"https:\/\/xlmotors.ee\/salasanan-palautus\/"},"modified":"2025-04-24T22:22:41","modified_gmt":"2025-04-24T20:22:41","slug":"salasanan-palautus","status":"publish","type":"page","link":"https:\/\/xlmotors.ee\/fi\/salasanan-palautus\/","title":{"rendered":"Salasanan palautus"},"content":{"rendered":"<div class=\"wpb-content-wrapper\"><p>[vc_row el_class=&#8221;xl-forgot-password-section&#8221;][vc_column][vc_column_text]    <form action=\"\" method=\"POST\" id=\"forgotPasswordForm\">\n        <input type=\"hidden\" name=\"action\" value=\"forgot_passsword\">\n        <input type=\"hidden\" id=\"resetpassword\" name=\"resetpassword\" value=\"938b2b6656\" \/><input type=\"hidden\" name=\"_wp_http_referer\" value=\"\/fi\/wp-json\/wp\/v2\/pages\/78240\" \/>        <label for=\"emailField\"><img decoding=\"async\" src=\"https:\/\/xlmotors.ee\/wp-content\/themes\/xmlmotors-child-theme\/images\/email-svg.svg\">S\u00e4hk\u00f6posti<\/label>\n        <input type=\"email\" name=\"forgotemail\" id=\"emailField\">\n        <input type=\"submit\" value=\"esitt\u00e4m\u00e4\u00e4n\" name=\"submit\" class=\"primary primary-key\">\n        <p id=\"forgotMessage\"><\/p>\n    <\/form>\n[\/vc_column_text][\/vc_column][\/vc_row]<\/p>\n<\/div>","protected":false},"excerpt":{"rendered":"<p>[vc_row el_class=&#8221;xl-forgot-password-section&#8221;][vc_column][vc_column_text][\/vc_column_text][\/vc_column][\/vc_row]<\/p>\n","protected":false},"author":1,"featured_media":0,"parent":0,"menu_order":0,"comment_status":"closed","ping_status":"closed","template":"","meta":{"_acf_changed":false,"inline_featured_image":false,"footnotes":""},"class_list":["post-78240","page","type-page","status-publish","hentry"],"acf":[],"aioseo_notices":[],"_links":{"self":[{"href":"https:\/\/xlmotors.ee\/fi\/wp-json\/wp\/v2\/pages\/78240","targetHints":{"allow":["GET"]}}],"collection":[{"href":"https:\/\/xlmotors.ee\/fi\/wp-json\/wp\/v2\/pages"}],"about":[{"href":"https:\/\/xlmotors.ee\/fi\/wp-json\/wp\/v2\/types\/page"}],"author":[{"embeddable":true,"href":"https:\/\/xlmotors.ee\/fi\/wp-json\/wp\/v2\/users\/1"}],"replies":[{"embeddable":true,"href":"https:\/\/xlmotors.ee\/fi\/wp-json\/wp\/v2\/comments?post=78240"}],"version-history":[{"count":2,"href":"https:\/\/xlmotors.ee\/fi\/wp-json\/wp\/v2\/pages\/78240\/revisions"}],"predecessor-version":[{"id":84218,"href":"https:\/\/xlmotors.ee\/fi\/wp-json\/wp\/v2\/pages\/78240\/revisions\/84218"}],"wp:attachment":[{"href":"https:\/\/xlmotors.ee\/fi\/wp-json\/wp\/v2\/media?parent=78240"}],"curies":[{"name":"wp","href":"https:\/\/api.w.org\/{rel}","templated":true}]}}