{"id":78241,"date":"2019-12-29T12:36:24","date_gmt":"2019-12-29T10:36:24","guid":{"rendered":"https:\/\/xlmotors.ee\/premium-matot\/"},"modified":"2025-04-20T12:25:57","modified_gmt":"2025-04-20T10:25:57","slug":"premium-matot","status":"publish","type":"page","link":"https:\/\/xlmotors.ee\/fi\/premium-matot\/","title":{"rendered":"Premium matot"},"content":{"rendered":"<div class=\"wpb-content-wrapper\"><p>[vc_row][vc_column][vc_empty_space][vc_text_separator title=&#8221;Premium matot&#8221; title_align=&#8221;separator_align_left&#8221; color=&#8221;custom&#8221; accent_color=&#8221;#c7c7c7&#8243; el_class=&#8221;xl-buy-help-h4&#8243;][\/vc_column][\/vc_row][vc_row][vc_column width=&#8221;1\/2&#8243;][vc_video link=&#8221;https:\/\/youtu.be\/v3k0pCKWiLg&#8221;][\/vc_column][vc_column width=&#8221;1\/2&#8243;][vc_video link=&#8221;https:\/\/youtu.be\/1tRN_6yYoIE&#8221;][\/vc_column][\/vc_row][vc_row][vc_column][vc_column_text]Olemme Virossa valmistettujen PremiuM-mattojen <strong>valmistaja <\/strong>. Ammattitaitoinen tiimimme valmistaa mattoja korkealaatuisista materiaaleista.<\/p>\n<p>PremiuM matto <strong>mieltymykset<\/strong>:<\/p>\n<ul>\n<li>Ekologinen materiaali<\/li>\n<li>Hajuton<\/li>\n<li>L\u00e4mmin ja pehme\u00e4<\/li>\n<li>Helppo puhdistaa<\/li>\n<li>K\u00e4tev\u00e4 k\u00e4ytt\u00e4\u00e4<\/li>\n<li>Mitat asiakkaan toiveiden mukaan (voidaan valmistaa sek\u00e4 <strong>matkatavara-<\/strong> ett\u00e4 matkustamon <strong>lattiamatot<\/strong>).<\/li>\n<li>Yksinomaiset v\u00e4rit: punainen, viininpunainen, violetti, musta ja harmaa.<\/li>\n<\/ul>\n<p>Automatot ja matkatavaramatot maksavat <strong>35-55 euroa<\/strong> (5-paikkaiselle autolle).<\/p>\n<p>Materiaalia on saatavilla <strong>myym\u00e4l\u00f6iss\u00e4mme Tallinnassa ja Kohtla-J\u00e4rvell\u00e4<\/strong>. L\u00f6yd\u00e4t yhteystiedot <a href=\"https:\/\/xlmotors.ee\/fi\/yhteystiedot\/\">T\u00c4\u00c4LT\u00c4<\/a>.<\/p>\n<p><strong>Jos haluat tehd\u00e4 tilauksen tai sinulla on kysytt\u00e4v\u00e4\u00e4, t\u00e4yt\u00e4 sivun alareunassa oleva lomake.  <\/strong>[\/vc_column_text][\/vc_column][\/vc_row][vc_row][vc_column][vc_empty_space][vc_text_separator title=&#8221;Tehty ty\u00f6&#8221; title_align=&#8221;separator_align_left&#8221; color=&#8221;custom&#8221; accent_color=&#8221;#c7c7c7&#8243; el_class=&#8221;xl-buy-help-h4&#8243;][vc_media_grid element_width=&#8221;2&#8243; grid_id=&#8221;vc_gid:1634304857469-05982ded-48ed-10&#8243; include=&#8221;43655,43657,43663,43659,43670,43660,43672,43669,43668,43652,43653,43662,43654,43656,43658,43661,43666,43667&#8243;][\/vc_column][\/vc_row][vc_row][vc_column][vc_empty_space][vc_text_separator title=&#8221;Tilaaminen&#8221; title_align=&#8221;separator_align_left&#8221; color=&#8221;custom&#8221; accent_color=&#8221;#c7c7c7&#8243; el_class=&#8221;xl-buy-help-h4&#8243;][\/vc_column][\/vc_row][vc_row][vc_column width=&#8221;1\/2&#8243;][vc_column_text]Voit tilata mattoja s\u00e4hk\u00f6postitse osoitteesta <strong>tallinn@xlmotors.ee<\/strong> tai soittamalla numeroon <strong>+372 5380 1942<\/strong>.<\/p>\n<p>Voit my\u00f6s ottaa meihin yhteytt\u00e4 palautelomakkeella:[\/vc_column_text][vc_media_grid element_width=&#8221;12&#8243; grid_id=&#8221;vc_gid:1634304857473-ce765c5d-5aa1-3&#8243; include=&#8221;43694&#8243; el_class=&#8221;xl-grid-height&#8221;][\/vc_column][vc_column width=&#8221;1\/2&#8243; el_class=&#8221;xl-premium-matid-form-column&#8221;]\n<div class=\"wpcf7 no-js\" id=\"wpcf7-f36548-o1\" lang=\"et\" dir=\"ltr\" data-wpcf7-id=\"36548\">\n<div class=\"screen-reader-response\"><p role=\"status\" aria-live=\"polite\" aria-atomic=\"true\"><\/p> <ul><\/ul><\/div>\n<form action=\"\/fi\/wp-json\/wp\/v2\/pages\/78241#wpcf7-f36548-o1\" method=\"post\" class=\"wpcf7-form init\" aria-label=\"Contact form\" novalidate=\"novalidate\" data-status=\"init\">\n<fieldset class=\"hidden-fields-container\"><input type=\"hidden\" name=\"_wpcf7\" value=\"36548\" \/><input type=\"hidden\" name=\"_wpcf7_version\" value=\"6.1.5\" \/><input type=\"hidden\" name=\"_wpcf7_locale\" value=\"et\" \/><input type=\"hidden\" name=\"_wpcf7_unit_tag\" value=\"wpcf7-f36548-o1\" \/><input type=\"hidden\" name=\"_wpcf7_container_post\" value=\"0\" \/><input type=\"hidden\" name=\"_wpcf7_posted_data_hash\" value=\"\" \/><input type=\"hidden\" name=\"_wpcf7_recaptcha_response\" value=\"\" \/>\n<\/fieldset>\n<p>Sinu e-mail*\n<\/p>\n<p><span class=\"wpcf7-form-control-wrap\" data-name=\"your-email\"><input size=\"40\" maxlength=\"400\" class=\"wpcf7-form-control wpcf7-email wpcf7-validates-as-required wpcf7-text wpcf7-validates-as-email\" aria-required=\"true\" aria-invalid=\"false\" value=\"\" type=\"email\" name=\"your-email\" \/><\/span>\n<\/p>\n<p>Teema*\n<\/p>\n<p><span class=\"wpcf7-form-control-wrap\" data-name=\"your-subject\"><input size=\"40\" maxlength=\"400\" class=\"wpcf7-form-control wpcf7-text\" aria-invalid=\"false\" value=\"\" type=\"text\" name=\"your-subject\" \/><\/span>\n<\/p>\n<p>Teade*\n<\/p>\n<p><span class=\"wpcf7-form-control-wrap\" data-name=\"your-message\"><textarea cols=\"40\" rows=\"10\" maxlength=\"2000\" class=\"wpcf7-form-control wpcf7-textarea\" aria-invalid=\"false\" name=\"your-message\"><\/textarea><\/span>\n<\/p>\n<span class=\"wpcf7-form-control-wrap recaptcha\" data-name=\"recaptcha\"><span data-sitekey=\"6Lc65lkmAAAAAAcejmH5_X1Iy05XNU_xtrW4yr1K\" class=\"wpcf7-form-control wpcf7-recaptcha g-recaptcha\"><\/span>\r\n<noscript>\r\n\t<div class=\"grecaptcha-noscript\">\r\n\t\t<iframe loading=\"lazy\" src=\"https:\/\/www.recaptcha.net\/recaptcha\/api\/fallback?k=6Lc65lkmAAAAAAcejmH5_X1Iy05XNU_xtrW4yr1K\" frameborder=\"0\" scrolling=\"no\" width=\"310\" height=\"430\">\r\n\t\t<\/iframe>\r\n\t\t<textarea name=\"g-recaptcha-response\" rows=\"3\" cols=\"40\" placeholder=\"reCaptcha Response Here\">\r\n\t\t<\/textarea>\r\n\t<\/div>\r\n<\/noscript>\r\n<\/span>\n<p><input class=\"wpcf7-form-control wpcf7-submit has-spinner\" type=\"submit\" value=\"Saada\" \/>\n<\/p><p style=\"display: none !important;\" class=\"akismet-fields-container\" data-prefix=\"_wpcf7_ak_\"><label>&#916;<textarea name=\"_wpcf7_ak_hp_textarea\" cols=\"45\" rows=\"8\" maxlength=\"100\"><\/textarea><\/label><input type=\"hidden\" id=\"ak_js_1\" name=\"_wpcf7_ak_js\" value=\"205\"\/><script type=\"text\/javascript\">\n\/* <![CDATA[ *\/\ndocument.getElementById( \"ak_js_1\" ).setAttribute( \"value\", ( new Date() ).getTime() );\n\/* ]]> *\/\n<\/script>\n<\/p><div class=\"wpcf7-response-output\" aria-hidden=\"true\"><\/div>\n<\/form>\n<\/div>\n[\/vc_column][\/vc_row]<\/p>\n<\/div>","protected":false},"excerpt":{"rendered":"<p>[vc_row][vc_column][vc_empty_space][vc_text_separator title=&#8221;Premium matot&#8221; title_align=&#8221;separator_align_left&#8221; color=&#8221;custom&#8221; accent_color=&#8221;#c7c7c7&#8243; el_class=&#8221;xl-buy-help-h4&#8243;][\/vc_column][\/vc_row][vc_row][vc_column width=&#8221;1\/2&#8243;][vc_video link=&#8221;https:\/\/youtu.be\/v3k0pCKWiLg&#8221;][\/vc_column][vc_column width=&#8221;1\/2&#8243;][vc_video link=&#8221;https:\/\/youtu.be\/1tRN_6yYoIE&#8221;][\/vc_column][\/vc_row][vc_row][vc_column][vc_column_text]Olemme Virossa valmistettujen PremiuM-mattojen valmistaja . Ammattitaitoinen tiimimme valmistaa mattoja korkealaatuisista materiaaleista. PremiuM matto mieltymykset: Ekologinen materiaali Hajuton L\u00e4mmin ja pehme\u00e4 Helppo puhdistaa K\u00e4tev\u00e4 k\u00e4ytt\u00e4\u00e4 Mitat asiakkaan toiveiden mukaan (voidaan valmistaa sek\u00e4 matkatavara- ett\u00e4 matkustamon lattiamatot). Yksinomaiset v\u00e4rit: punainen, viininpunainen, violetti, musta ja harmaa. Automatot [&hellip;]<\/p>\n","protected":false},"author":1,"featured_media":0,"parent":0,"menu_order":0,"comment_status":"closed","ping_status":"closed","template":"","meta":{"_acf_changed":false,"inline_featured_image":false,"footnotes":""},"class_list":["post-78241","page","type-page","status-publish","hentry"],"acf":[],"aioseo_notices":[],"_links":{"self":[{"href":"https:\/\/xlmotors.ee\/fi\/wp-json\/wp\/v2\/pages\/78241","targetHints":{"allow":["GET"]}}],"collection":[{"href":"https:\/\/xlmotors.ee\/fi\/wp-json\/wp\/v2\/pages"}],"about":[{"href":"https:\/\/xlmotors.ee\/fi\/wp-json\/wp\/v2\/types\/page"}],"author":[{"embeddable":true,"href":"https:\/\/xlmotors.ee\/fi\/wp-json\/wp\/v2\/users\/1"}],"replies":[{"embeddable":true,"href":"https:\/\/xlmotors.ee\/fi\/wp-json\/wp\/v2\/comments?post=78241"}],"version-history":[{"count":2,"href":"https:\/\/xlmotors.ee\/fi\/wp-json\/wp\/v2\/pages\/78241\/revisions"}],"predecessor-version":[{"id":78243,"href":"https:\/\/xlmotors.ee\/fi\/wp-json\/wp\/v2\/pages\/78241\/revisions\/78243"}],"wp:attachment":[{"href":"https:\/\/xlmotors.ee\/fi\/wp-json\/wp\/v2\/media?parent=78241"}],"curies":[{"name":"wp","href":"https:\/\/api.w.org\/{rel}","templated":true}]}}