{"id":77784,"date":"2021-11-29T09:25:45","date_gmt":"2021-11-29T07:25:45","guid":{"rendered":"https:\/\/xlmotors.ee\/toode\/skoda-premium-eva-sisatilamatot\/"},"modified":"2025-04-24T12:58:25","modified_gmt":"2025-04-24T10:58:25","slug":"skoda-premium-eva-sisatilamatot","status":"publish","type":"product","link":"https:\/\/xlmotors.ee\/fi\/toode\/skoda-premium-eva-sisatilamatot\/","title":{"rendered":"Skoda Premium (EVA) sis\u00e4tilamatot"},"content":{"rendered":"<ul>\n<li>Mallikohtaiset automatot \u2013 valmistettu yksil\u00f6llisesti jokaista automerkki\u00e4 ja -mallia varten<\/li>\n<li>Kest\u00e4v\u00e4 materiaali \u2013 kest\u00e4v\u00e4t kauemmin kuin tavalliset automatot<\/li>\n<li>Vedenpit\u00e4v\u00e4t \u2013 matot suojaavat autoa kosteudelta t\u00e4ydellisesti<\/li>\n<li>Suojaavat ihanteellisesti lattiaa lialta ja loalta<\/li>\n<li>Eritt\u00e4in helposti puhdistettavat \u2013 irrota matto ja pese se vedell\u00e4<\/li>\n<li>Erilainen maton ja reunojen v\u00e4ris\u00e4vyvalikoima<\/li>\n<li>Mallin mukaan suunnitellut kiinnitykset<\/li>\n<\/ul>\n","protected":false},"excerpt":{"rendered":"<p>Premium (EVA) -sis\u00e4tilan automatot on valmistettu korkealaatuisesta etyleenivinyyliasetaattimateriaalista, joka on kumin tapaan hyvin joustava ja kest\u00e4v\u00e4, mutta luontoyst\u00e4v\u00e4llinen ja n\u00e4ytt\u00e4v\u00e4. N\u00e4m\u00e4 ominaisuudet tekev\u00e4t t\u00e4st\u00e4 materiaalista auton sis\u00e4tilojen mattojen valmistamiseen ihanteellisen ja vastaavat kaikkia standardeja ja paloturvallisuusvaatimuksia.<\/p>\n<p>Sarjassa on nelj\u00e4 sis\u00e4tilan mattoa henkil\u00f6auton\/maasturin osalta (voi valmistaa my\u00f6s ns. tunnelin p\u00e4\u00e4lle asetettavan maton, joka ei kuulu sarjaan). Osassa malleista taempi matto on yhten\u00e4 kappaleena. Mahdollista my\u00f6s tilata erikoismittaisia tai yksitt\u00e4isi\u00e4 mattoja.<\/p>\n<p>Kuva on luonteeltaan hahmottava. Hankitut sis\u00e4tilojen tekstiilimatot voivat erota kuvasta tehdyst\u00e4 valinnasta, tietokoneen n\u00e4ytt\u00f6jen eroista ja henkil\u00f6auton mallista riippuen.<\/p>\n<p>Premium (EVA) auton sis\u00e4tilojen matot on valmistettu Virossa. Automatot parhaaseen hintaan suoraan valmistajalta!<\/p>\n<p>&nbsp;<\/p>\n<p>Tuotevalikoimassamme on automattoja seuraaville malleille:<\/p>\n<p>Skoda Eniaq 2021-&#8230; Premium (EVA) sis\u00e4tilamatot<br \/>\nSkoda Fabia II 2007-2014 Premium (EVA) sis\u00e4tilamatot<br \/>\nSkoda Fabia III 2014-2021 Premium (EVA) sis\u00e4tilamatot<br \/>\nSkoda Kamiq 2019-&#8230; Premium (EVA) sis\u00e4tilamatot<br \/>\nSkoda Kodiaq 2017-2024 Premium (EVA) sis\u00e4tilamatot<br \/>\nSkoda Kodiaq 7 paikkaa 2017-2024 Premium (EVA) sis\u00e4tilamatot<br \/>\nSkoda Kodiaq 2024-&#8230; Premium (EVA) sis\u00e4tilamatot<br \/>\nSkoda Octavia I 1996-2010 Premium (EVA) sis\u00e4tilamatot<br \/>\nSkoda Octavia II 2004-2012 Premium (EVA) sis\u00e4tilamatot<br \/>\nSkoda Octavia III 2012-2020 Premium (EVA) sis\u00e4tilamatot<br \/>\nSkoda Octavia IV 2020-&#8230; Premium (EVA) sis\u00e4tilamatot<br \/>\nSkoda Rapid 2012-2019 Premium (EVA) sis\u00e4tilamatot<br \/>\nSkoda Roomster 2006-2009 Premium (EVA) sis\u00e4tilamatot<br \/>\nSkoda Roomster 2010-2015 Premium (EVA) sis\u00e4tilamatot<br \/>\nSkoda Scala 2019-&#8230; Premium (EVA) sis\u00e4tilamatot<br \/>\nSkoda Superb I 2001-2008 Premium (EVA) sis\u00e4tilamatot<br \/>\nSkoda Superb II 2008-2015 Premium (EVA) sis\u00e4tilamatot<br \/>\nSkoda Superb III 2015-2024 Premium (EVA) sis\u00e4tilamatot<br \/>\nSkoda Superb IV 2024-&#8230; Premium (EVA) sis\u00e4tilamatot<br \/>\nSkoda Yeti 2009-2017 Premium (EVA) sis\u00e4tilamatot<\/p>\n","protected":false},"featured_media":71915,"comment_status":"closed","ping_status":"closed","template":"","meta":{"_acf_changed":false,"inline_featured_image":false},"product_brand":[],"product_cat":[3434,3739],"product_tag":[],"class_list":{"0":"post-77784","1":"product","2":"type-product","3":"status-publish","4":"has-post-thumbnail","6":"product_cat-premium-matid","7":"product_cat-salongi-premium-matid","8":"pa_mudel-skoda-octavia-fi","9":"pa_mudel-skoda-rapid-fi","10":"pa_mudel-roomster-fi","11":"pa_mudel-skoda-scala-fi","12":"pa_mudel-skoda-superb-fi","13":"pa_mudel-yeti-fi","14":"pa_mudel-eniaq-fi","15":"pa_mudel-fabia-fi","16":"pa_mudel-skoda-kamiq-fi","17":"pa_mudel-skoda-kodiaq-fi","18":"pa_mudel-kodiaq-7-kohta-fi","20":"first","21":"instock","22":"taxable","23":"shipping-taxable","24":"purchasable","25":"product-type-variable","26":"has-default-attributes"},"acf":[],"aioseo_notices":[],"_links":{"self":[{"href":"https:\/\/xlmotors.ee\/fi\/wp-json\/wp\/v2\/product\/77784","targetHints":{"allow":["GET"]}}],"collection":[{"href":"https:\/\/xlmotors.ee\/fi\/wp-json\/wp\/v2\/product"}],"about":[{"href":"https:\/\/xlmotors.ee\/fi\/wp-json\/wp\/v2\/types\/product"}],"replies":[{"embeddable":true,"href":"https:\/\/xlmotors.ee\/fi\/wp-json\/wp\/v2\/comments?post=77784"}],"wp:featuredmedia":[{"embeddable":true,"href":"https:\/\/xlmotors.ee\/fi\/wp-json\/wp\/v2\/media\/71915"}],"wp:attachment":[{"href":"https:\/\/xlmotors.ee\/fi\/wp-json\/wp\/v2\/media?parent=77784"}],"wp:term":[{"taxonomy":"product_brand","embeddable":true,"href":"https:\/\/xlmotors.ee\/fi\/wp-json\/wp\/v2\/product_brand?post=77784"},{"taxonomy":"product_cat","embeddable":true,"href":"https:\/\/xlmotors.ee\/fi\/wp-json\/wp\/v2\/product_cat?post=77784"},{"taxonomy":"product_tag","embeddable":true,"href":"https:\/\/xlmotors.ee\/fi\/wp-json\/wp\/v2\/product_tag?post=77784"}],"curies":[{"name":"wp","href":"https:\/\/api.w.org\/{rel}","templated":true}]}}