{"id":77806,"date":"2021-11-29T14:34:31","date_gmt":"2021-11-29T12:34:31","guid":{"rendered":"https:\/\/xlmotors.ee\/toode\/opel-premium-eva-tavaratilamatot\/"},"modified":"2025-04-24T12:58:24","modified_gmt":"2025-04-24T10:58:24","slug":"opel-premium-eva-tavaratilamatot","status":"publish","type":"product","link":"https:\/\/xlmotors.ee\/fi\/toode\/opel-premium-eva-tavaratilamatot\/","title":{"rendered":"Opel Premium (EVA) tavaratilamatot"},"content":{"rendered":"<ul>\n<li>Mallikohtaiset tavaratilamatot \u2013 valmistettu yksil\u00f6llisesti jokaista automerkki\u00e4 ja -mallia varten<\/li>\n<li>Kest\u00e4v\u00e4 materiaali \u2013 kest\u00e4v\u00e4t kauemmin kuin tavalliset tavaratilamatot<\/li>\n<li>Vedenpit\u00e4v\u00e4t \u2013 matot suojaavat autoa kosteudelta t\u00e4ydellisesti<\/li>\n<li>Suojaa tehokkaasti tavaratilan pintaa likaantumiselta<\/li>\n<li>Eritt\u00e4in helposti puhdistettavat \u2013 irrota matto ja pese se vedell\u00e4<\/li>\n<li>Erilainen tavaratilan maton ja maton reunusten v\u00e4ris\u00e4vyjen valikoima<\/li>\n<\/ul>\n","protected":false},"excerpt":{"rendered":"<p>Premium (EVA) tavaratilamatot on valmistettu korkealaatuisesta etyleenivinyyliasetaattimateriaalista, joka on kumin tapaan hyvin joustava ja kest\u00e4v\u00e4, mutta luontoyst\u00e4v\u00e4llinen ja n\u00e4ytt\u00e4v\u00e4. N\u00e4m\u00e4 ominaisuudet tekev\u00e4t t\u00e4st\u00e4 materiaalista auton mattojen valmistamiseen ihanteellisen ja vastaavat kaikkia standardeja ja paloturvallisuusvaatimuksia.<\/p>\n<p>Sarjassa on yksi kokonainen tavaratilamatto.<\/p>\n<p>Kuva on luonteeltaan hahmottava. Hankitut tavaratilamatot voivat erota kuvasta tehdyst\u00e4 valinnasta, tietokoneen n\u00e4ytt\u00f6jen eroista ja henkil\u00f6auton mallista riippuen.<\/p>\n<p>Premium (EVA) tavaratilamatot on valmistettu Virossa. Automatot parhaaseen hintaan suoraan valmistajalta!<\/p>\n<p>&nbsp;<\/p>\n<p>Tuotevalikoimassamme on tavaratilamattoja seuraaville malleille:<\/p>\n<p>Opel Astra Cabrio G 1998-2009 Premium (EVA) tavaratilamatot<br \/>\nOpel Astra H kombi 2004-2009 Premium (EVA) tavaratilamatot<br \/>\nOpel Astra hatcback K 2015-&#8230; Premium (EVA) tavaratilamatot<br \/>\nOpel Insignia A universal 2008-2016 Premium (EVA) tavaratilamatot<br \/>\nOpel Insignia B universal 2017-&#8230; Premium (EVA) tavaratilamatot<\/p>\n","protected":false},"featured_media":71903,"comment_status":"closed","ping_status":"closed","template":"","meta":{"_acf_changed":false,"inline_featured_image":false},"product_brand":[],"product_cat":[3740,3434],"product_tag":[],"class_list":{"0":"post-77806","1":"product","2":"type-product","3":"status-publish","4":"has-post-thumbnail","6":"product_cat-pagasi-premium-matid","7":"product_cat-premium-matid","8":"product_shipping_class-kuriiri","9":"pa_mudel-opel-astra-fi","10":"pa_mudel-opel-astra-cabrio-fi","11":"pa_mudel-astra-hatcback-fi","12":"pa_mudel-astra-kombi-fi","13":"pa_mudel-insignia-universal-fi","15":"first","16":"instock","17":"taxable","18":"shipping-taxable","19":"purchasable","20":"product-type-variable","21":"has-default-attributes"},"acf":[],"aioseo_notices":[],"_links":{"self":[{"href":"https:\/\/xlmotors.ee\/fi\/wp-json\/wp\/v2\/product\/77806","targetHints":{"allow":["GET"]}}],"collection":[{"href":"https:\/\/xlmotors.ee\/fi\/wp-json\/wp\/v2\/product"}],"about":[{"href":"https:\/\/xlmotors.ee\/fi\/wp-json\/wp\/v2\/types\/product"}],"replies":[{"embeddable":true,"href":"https:\/\/xlmotors.ee\/fi\/wp-json\/wp\/v2\/comments?post=77806"}],"wp:featuredmedia":[{"embeddable":true,"href":"https:\/\/xlmotors.ee\/fi\/wp-json\/wp\/v2\/media\/71903"}],"wp:attachment":[{"href":"https:\/\/xlmotors.ee\/fi\/wp-json\/wp\/v2\/media?parent=77806"}],"wp:term":[{"taxonomy":"product_brand","embeddable":true,"href":"https:\/\/xlmotors.ee\/fi\/wp-json\/wp\/v2\/product_brand?post=77806"},{"taxonomy":"product_cat","embeddable":true,"href":"https:\/\/xlmotors.ee\/fi\/wp-json\/wp\/v2\/product_cat?post=77806"},{"taxonomy":"product_tag","embeddable":true,"href":"https:\/\/xlmotors.ee\/fi\/wp-json\/wp\/v2\/product_tag?post=77806"}],"curies":[{"name":"wp","href":"https:\/\/api.w.org\/{rel}","templated":true}]}}