{"id":77832,"date":"2021-12-04T11:49:46","date_gmt":"2021-12-04T09:49:46","guid":{"rendered":"https:\/\/xlmotors.ee\/toode\/hyundai-tekstiil-pagasimatid\/"},"modified":"2025-04-24T12:58:22","modified_gmt":"2025-04-24T10:58:22","slug":"hyundai-tekstiil-pagasimatid","status":"publish","type":"product","link":"https:\/\/xlmotors.ee\/fi\/toode\/hyundai-tekstiil-pagasimatid\/","title":{"rendered":"Hyundai tekstiil pagasimatid"},"content":{"rendered":"<ul>\n<li>Mudelip\u00f5hised pagasimatid \u2013 valmistatud individuaalselt iga auto margi ja mudeli jaoks<\/li>\n<li>K\u00f5rgekvaliteetne materjal, mis pikendab pagasiruumi porimattide kasutuseaega<\/li>\n<li>Vett mittel\u00e4bilaskvad ja libisemiskindlad pagasimatid, kuna aluspind on kaetud kummiga<\/li>\n<li>Kaitseb efektiivselt pagasiruumi pinda m\u00e4\u00e4rdumise eest<\/li>\n<li>Erinev p\u00f5randamati ja \u00e4\u00e4rte v\u00e4rvitoonide valik<\/li>\n<\/ul>\n","protected":false},"excerpt":{"rendered":"<p>Pagasi tekstiilmatid on valmistatud k\u00f5rgekvaliteetsest veluur materjalist. Materjal sobib ideaalselt auto pagasiruumi mattide valmistamiseks, vastates k\u00f5ikidele standarditele ja tuleohutusn\u00f5uetele.<\/p>\n<p>Komplektis on \u00fcks terviklik pagasimatt.<\/p>\n<p>Pilt on illustratiivne. Soetatud pagasi tekstiilmatt v\u00f5ib pildist erineda olenevalt tehtud valikust, arvutiekraanide erinevusest ning s\u00f5iduauto mudelist.<\/p>\n<p>Auto pagasiruumi tekstiilmatid on toodetud Eestis. Parima hinnaga automatid otse tootjalt!<\/p>\n<p>&nbsp;<\/p>\n<p>Meie tootevalikus on pagasimatid j\u00e4rgmistele mudelitele:<\/p>\n<p>Hyundai I30 universaal 2017-&#8230; tekstiil pagasimatid<br \/>\nHyundai Santa-Fe\u00a0 2006-2010 tekstiil pagasimatid<br \/>\nHyundai Santa-Fe 2010-2012 tekstiil pagasimatid<br \/>\nHyundai Santa-Fe 2013-2018 tekstiil pagasimatid<br \/>\nHyundai Santa-Fe 2019-2023 tekstiil pagasimatid<br \/>\nHyundai Santa-Fe 2019-2024 7 kohta tekstiil pagasimatid<br \/>\nHyundai Santa-Fe 2024-&#8230; tekstiil pagasimatid<br \/>\nHyundai Staria 2021-&#8230; tekstiil pagasimatid<\/p>\n","protected":false},"featured_media":71881,"comment_status":"closed","ping_status":"closed","template":"","meta":{"_acf_changed":false,"inline_featured_image":false},"product_brand":[],"product_cat":[3430,3413],"product_tag":[],"class_list":{"0":"post-77832","1":"product","2":"type-product","3":"status-publish","4":"has-post-thumbnail","6":"product_cat-pagasi-tekstiilmatid","7":"product_cat-tekstiilimatot","8":"product_shipping_class-kuriiri","9":"pa_mudel-i30-universaal-fi","10":"pa_mudel-hyundai-santa-fe-fi","11":"pa_mudel-santa-fe-6-7-kohta-fi","12":"pa_mudel-santa-fe-7-kohta-fi","13":"pa_mudel-staria-fi","15":"first","16":"instock","17":"taxable","18":"shipping-taxable","19":"purchasable","20":"product-type-variable","21":"has-default-attributes"},"acf":[],"aioseo_notices":[],"_links":{"self":[{"href":"https:\/\/xlmotors.ee\/fi\/wp-json\/wp\/v2\/product\/77832","targetHints":{"allow":["GET"]}}],"collection":[{"href":"https:\/\/xlmotors.ee\/fi\/wp-json\/wp\/v2\/product"}],"about":[{"href":"https:\/\/xlmotors.ee\/fi\/wp-json\/wp\/v2\/types\/product"}],"replies":[{"embeddable":true,"href":"https:\/\/xlmotors.ee\/fi\/wp-json\/wp\/v2\/comments?post=77832"}],"wp:featuredmedia":[{"embeddable":true,"href":"https:\/\/xlmotors.ee\/fi\/wp-json\/wp\/v2\/media\/71881"}],"wp:attachment":[{"href":"https:\/\/xlmotors.ee\/fi\/wp-json\/wp\/v2\/media?parent=77832"}],"wp:term":[{"taxonomy":"product_brand","embeddable":true,"href":"https:\/\/xlmotors.ee\/fi\/wp-json\/wp\/v2\/product_brand?post=77832"},{"taxonomy":"product_cat","embeddable":true,"href":"https:\/\/xlmotors.ee\/fi\/wp-json\/wp\/v2\/product_cat?post=77832"},{"taxonomy":"product_tag","embeddable":true,"href":"https:\/\/xlmotors.ee\/fi\/wp-json\/wp\/v2\/product_tag?post=77832"}],"curies":[{"name":"wp","href":"https:\/\/api.w.org\/{rel}","templated":true}]}}