{"id":77890,"date":"2021-12-08T10:55:08","date_gmt":"2021-12-08T08:55:08","guid":{"rendered":"https:\/\/xlmotors.ee\/toode\/mercedes-benz-tekstiiliset-tavaratilamatot\/"},"modified":"2025-08-12T11:41:29","modified_gmt":"2025-08-12T09:41:29","slug":"mercedes-benz-tekstiiliset-tavaratilamatot","status":"publish","type":"product","link":"https:\/\/xlmotors.ee\/fi\/toode\/mercedes-benz-tekstiiliset-tavaratilamatot\/","title":{"rendered":"Mercedes-Benz tekstiiliset tavaratilamatot"},"content":{"rendered":"<ul>\n<li>Mallikohtaiset tavaratilamatot \u2013 valmistettu yksil\u00f6llisesti jokaista automerkki\u00e4 ja -mallia varten<\/li>\n<li>Korkealaatuinen materiaali, joka pident\u00e4\u00e4 sis\u00e4tilojen mattojen k\u00e4ytt\u00f6ik\u00e4\u00e4<\/li>\n<li>Vedenpit\u00e4v\u00e4t ja liukumattomat matot, joiden alapinta on kumip\u00e4\u00e4llysteinen<\/li>\n<li>Suojaa tehokkaasti tavaratilan pintaa likaantumiselta<\/li>\n<li>Erilainen tavaratilan maton ja maton reunusten v\u00e4ris\u00e4vyjen valikoima<\/li>\n<\/ul>\n","protected":false},"excerpt":{"rendered":"<p>Tekstiiliset tavaratilamatot on valmistettu korkealaatuisesta veluurimateriaalista. Materiaali sopii ihanteellisesti auton tavaratilamattojen valmistukseen ja vastaa kaikkia standardeja ja paloturvallisuusvaatimuksia.<\/p>\n<p>Sarjassa on yksi kokonainen tavaratilamatto.<\/p>\n<p>Kuva on luonteeltaan hahmottava. Hankitut tavaratilamatot voivat erota kuvasta tehdyst\u00e4 valinnasta, tietokoneen n\u00e4ytt\u00f6jen eroista ja henkil\u00f6auton mallista riippuen.<\/p>\n<p>Auton tekstiilimatot on valmistettu Virossa. Automatot parhaaseen hintaan suoraan valmistajalta!<\/p>\n<p>&nbsp;<\/p>\n<p>Tuotevalikoimassamme on tavaratilamattoja seuraaville malleille:<\/p>\n<p>Mercedes-Benz C-Class S202 1993-2001 tavaratilamatot<br \/>\nMercedes-Benz CL C216 2006-2014 tavaratilamatot<br \/>\nMercedes-Benz CLA C118 2020-&#8230; tavaratilamatot<br \/>\nMercedes-Benz E-Class universal S211 2002-2009 tavaratilamatot<br \/>\nMercedes-Benz E-Class universal S212 2009-2012 tavaratilamatot<br \/>\nMercedes-Benz E-Class universal S212 2013-2016 tavaratilamatot<br \/>\nMercedes-Benz E-Class universaal S213 2016-2023 tavaratilamatot<br \/>\nMercedes-Benz E-Class universaal S213 DE 2016-2023 tavaratilamatot<br \/>\nMercedes-Benz E-Class sedan W213 2016-2023 tavaratilamatot<br \/>\nMercedes-Benz EQA H243 2022-&#8230; tavaratilamatot<br \/>\nMercedes-Benz EQB X243 2022-&#8230; tavaratilamatot<br \/>\nMercedes-Benz EQE V295 2023-&#8230; tavaratilamatot<br \/>\nMercedes-Benz EQE SUV X294 2023-&#8230; tavaratilamatot<br \/>\nMercedes-Benz EQS V297 2022-&#8230; tavaratilamatot<br \/>\nMercedes-Benz GL 2006-2012 X164 tavaratilamatot<br \/>\nMercedes-Benz GLC Coupe X253 2016-2021 tavaratilamatot<br \/>\nMercedes-Benz GLC W253 2016-2021 tavaratilamatot<br \/>\nMercedes-Benz GLC Coupe C254 2022-&#8230; tavaratilamatot<br \/>\nMercedes-Benz GLC X254 2022-&#8230; tavaratilamatot<br \/>\nMercedes-Benz GLE Coupe C292 2015-2019 tavaratilamatot<br \/>\nMercedes-Benz GLE Coupe C167 \u00a02019-&#8230; tavaratilamatot<br \/>\nMercedes Benz GLE W167 2019-&#8230; tavaratilamatot<br \/>\nMercedes Benz GLS X167 2020-&#8230; tavaratilamatot<br \/>\nMercedes-Benz ML W164 2006-2012 tavaratilamatot<br \/>\nMercedes-Benz R-Class 2006-2013 tavaratilamatot<br \/>\nMercedes S-Class W221 2006-2013 tavaratilamatot<br \/>\nMercedes-Benz S-Class W222 2014-2021 tavaratilamatot<\/p>\n","protected":false},"featured_media":70865,"comment_status":"closed","ping_status":"closed","template":"","meta":{"_acf_changed":false,"inline_featured_image":false},"product_brand":[],"product_cat":[3430,3413],"product_tag":[],"class_list":{"0":"post-77890","1":"product","2":"type-product","3":"status-publish","4":"has-post-thumbnail","6":"product_cat-pagasi-tekstiilmatid","7":"product_cat-tekstiilimatot","8":"product_shipping_class-kuriiri","9":"pa_mudel-cl-fi","10":"pa_mudel-gle-fi","11":"pa_mudel-cla-sedan-fi","12":"pa_mudel-gle-coupe-fi","13":"pa_mudel-e-class-sedan-fi","14":"pa_mudel-gls-fi","15":"pa_mudel-e-class-universaal-fi","16":"pa_mudel-ml-fi","17":"pa_mudel-eqb-fi","18":"pa_mudel-r-class-fi","19":"pa_mudel-eqe-fi","20":"pa_mudel-s-class-fi","21":"pa_mudel-eqe-suv-fi","22":"pa_mudel-eqs-fi","23":"pa_mudel-gl-fi","24":"pa_mudel-glc-fi","25":"pa_mudel-c-class-universaal-fi","26":"pa_mudel-glc-coupe-fi","28":"first","29":"instock","30":"taxable","31":"shipping-taxable","32":"purchasable","33":"product-type-variable","34":"has-default-attributes"},"acf":[],"aioseo_notices":[],"_links":{"self":[{"href":"https:\/\/xlmotors.ee\/fi\/wp-json\/wp\/v2\/product\/77890","targetHints":{"allow":["GET"]}}],"collection":[{"href":"https:\/\/xlmotors.ee\/fi\/wp-json\/wp\/v2\/product"}],"about":[{"href":"https:\/\/xlmotors.ee\/fi\/wp-json\/wp\/v2\/types\/product"}],"replies":[{"embeddable":true,"href":"https:\/\/xlmotors.ee\/fi\/wp-json\/wp\/v2\/comments?post=77890"}],"wp:featuredmedia":[{"embeddable":true,"href":"https:\/\/xlmotors.ee\/fi\/wp-json\/wp\/v2\/media\/70865"}],"wp:attachment":[{"href":"https:\/\/xlmotors.ee\/fi\/wp-json\/wp\/v2\/media?parent=77890"}],"wp:term":[{"taxonomy":"product_brand","embeddable":true,"href":"https:\/\/xlmotors.ee\/fi\/wp-json\/wp\/v2\/product_brand?post=77890"},{"taxonomy":"product_cat","embeddable":true,"href":"https:\/\/xlmotors.ee\/fi\/wp-json\/wp\/v2\/product_cat?post=77890"},{"taxonomy":"product_tag","embeddable":true,"href":"https:\/\/xlmotors.ee\/fi\/wp-json\/wp\/v2\/product_tag?post=77890"}],"curies":[{"name":"wp","href":"https:\/\/api.w.org\/{rel}","templated":true}]}}