{"id":77920,"date":"2021-12-08T11:55:40","date_gmt":"2021-12-08T09:55:40","guid":{"rendered":"https:\/\/xlmotors.ee\/toode\/skoda-sisatilojen-tekstiilimatot\/"},"modified":"2025-04-24T12:58:17","modified_gmt":"2025-04-24T10:58:17","slug":"skoda-sisatilojen-tekstiilimatot","status":"publish","type":"product","link":"https:\/\/xlmotors.ee\/fi\/toode\/skoda-sisatilojen-tekstiilimatot\/","title":{"rendered":"Skoda sis\u00e4tilojen tekstiilimatot"},"content":{"rendered":"<ul>\n<li>Mallikohtaiset automatot \u2013 valmistettu yksil\u00f6llisesti jokaista automerkki\u00e4 ja -mallia varten<\/li>\n<li>Korkealaatuinen materiaali, joka pident\u00e4\u00e4 sis\u00e4tilojen mattojen k\u00e4ytt\u00f6ik\u00e4\u00e4<\/li>\n<li>Vedenpit\u00e4v\u00e4t ja liukumattomat matot, joiden alapinta on kumip\u00e4\u00e4llysteinen<\/li>\n<li>Suojaavat ihanteellisesti lattiaa lialta ja loalta, sill\u00e4 pysyv\u00e4t lujasti ja tarkasti lattiaa vasten<\/li>\n<li>Erilainen maton ja reunojen v\u00e4ris\u00e4vyvalikoima<\/li>\n<li>Mallin mukaan suunnitellut kiinnitykset<\/li>\n<\/ul>\n","protected":false},"excerpt":{"rendered":"<p>Auton sis\u00e4tilojen tekstiilimatot on valmistettu korkealaatuisesta veluurimateriaalista. Materiaali sopii ihanteellisesti auton sis\u00e4tilojen mattojen valmistukseen ja vastaa kaikkia standardeja ja paloturvallisuusvaatimuksia.<\/p>\n<p>Sis\u00e4tilan tekstiilimattosarjassa on tavallisesti kolme\/nelj\u00e4 mattoa (kaksi edess\u00e4, kaksi takana, voi valmistaa my\u00f6s ns. tunnelin p\u00e4\u00e4lle asetettavan maton, joka ei kuulu sarjaan). Mahdollista my\u00f6s tilata erikoismittaisia tai yksitt\u00e4isi\u00e4 mattoja.<\/p>\n<p>Kuva on luonteeltaan hahmottava. Hankitut sis\u00e4tilojen tekstiilimatot voivat erota kuvasta tehdyst\u00e4 valinnasta, tietokoneen n\u00e4ytt\u00f6jen eroista ja henkil\u00f6auton mallista riippuen.<\/p>\n<p>Auton sis\u00e4tilojen tekstiilimatot on valmistettu Virossa. Automatot parhaaseen hintaan suoraan valmistajalta!<\/p>\n<p>&nbsp;<\/p>\n<p>Tuotevalikoimassamme on automattoja seuraaville malleille:<\/p>\n<p>Skoda Eniaq 2021-&#8230; sis\u00e4tilojen tekstiilimatot<br \/>\nSkoda Fabia II 2007-2014 sis\u00e4tilojen tekstiilimatot<br \/>\nSkoda Fabia III 2014-2021 sis\u00e4tilojen tekstiilimatot<br \/>\nSkoda Kamiq 2019-&#8230; sis\u00e4tilojen tekstiilimatot<br \/>\nSkoda Kodiaq 2017-2024 sis\u00e4tilojen tekstiilimatot<br \/>\nSkoda Kodiaq 7 kohta 2017-2024 sis\u00e4tilojen tekstiilimatot<br \/>\nSkoda Kodiaq 2024-&#8230; sis\u00e4tilojen tekstiilimatot<br \/>\nSkoda Octavia I 1996-2010 sis\u00e4tilojen tekstiilimatot<br \/>\nSkoda Octavia II 2004-2012 sis\u00e4tilojen tekstiilimatot<br \/>\nSkoda Octavia III 2012-2020 sis\u00e4tilojen tekstiilimatot<br \/>\nSkoda Octavia IV 2020-&#8230; sis\u00e4tilojen tekstiilimatot<br \/>\nSkoda Rapid 2012-2019 sis\u00e4tilojen tekstiilimatot<br \/>\nSkoda Roomster 2006-2009 sis\u00e4tilojen tekstiilimatot<br \/>\nSkoda Roomster 2010-2015 sis\u00e4tilojen tekstiilimatot<br \/>\nSkoda Scala 2019-&#8230; sis\u00e4tilojen tekstiilimatot<br \/>\nSkoda Superb I 2001-2008 sis\u00e4tilojen tekstiilimatot<br \/>\nSkoda Superb II 2008-2015 sis\u00e4tilojen tekstiilimatot<br \/>\nSkoda Superb III 2015-2024 sis\u00e4tilojen tekstiilimatot<br \/>\nSkoda Superb IV 2024-&#8230; sis\u00e4tilojen tekstiilimatot<br \/>\nSkoda Yeti 2009-2017 sis\u00e4tilojen tekstiilimatot<\/p>\n","protected":false},"featured_media":71915,"comment_status":"closed","ping_status":"closed","template":"","meta":{"_acf_changed":false,"inline_featured_image":false},"product_brand":[],"product_cat":[3428,3413],"product_tag":[],"class_list":{"0":"post-77920","1":"product","2":"type-product","3":"status-publish","4":"has-post-thumbnail","6":"product_cat-salongi-tekstiilmatid","7":"product_cat-tekstiilimatot","8":"pa_mudel-fabia-fi","9":"pa_mudel-skoda-kamiq-fi","10":"pa_mudel-skoda-kodiaq-fi","11":"pa_mudel-kodiaq-7-kohta-fi","12":"pa_mudel-skoda-octavia-fi","13":"pa_mudel-skoda-rapid-fi","14":"pa_mudel-roomster-fi","15":"pa_mudel-skoda-scala-fi","16":"pa_mudel-skoda-superb-fi","17":"pa_mudel-yeti-fi","18":"pa_mudel-eniaq-fi","20":"first","21":"instock","22":"taxable","23":"shipping-taxable","24":"purchasable","25":"product-type-variable","26":"has-default-attributes"},"acf":[],"aioseo_notices":[],"_links":{"self":[{"href":"https:\/\/xlmotors.ee\/fi\/wp-json\/wp\/v2\/product\/77920","targetHints":{"allow":["GET"]}}],"collection":[{"href":"https:\/\/xlmotors.ee\/fi\/wp-json\/wp\/v2\/product"}],"about":[{"href":"https:\/\/xlmotors.ee\/fi\/wp-json\/wp\/v2\/types\/product"}],"replies":[{"embeddable":true,"href":"https:\/\/xlmotors.ee\/fi\/wp-json\/wp\/v2\/comments?post=77920"}],"wp:featuredmedia":[{"embeddable":true,"href":"https:\/\/xlmotors.ee\/fi\/wp-json\/wp\/v2\/media\/71915"}],"wp:attachment":[{"href":"https:\/\/xlmotors.ee\/fi\/wp-json\/wp\/v2\/media?parent=77920"}],"wp:term":[{"taxonomy":"product_brand","embeddable":true,"href":"https:\/\/xlmotors.ee\/fi\/wp-json\/wp\/v2\/product_brand?post=77920"},{"taxonomy":"product_cat","embeddable":true,"href":"https:\/\/xlmotors.ee\/fi\/wp-json\/wp\/v2\/product_cat?post=77920"},{"taxonomy":"product_tag","embeddable":true,"href":"https:\/\/xlmotors.ee\/fi\/wp-json\/wp\/v2\/product_tag?post=77920"}],"curies":[{"name":"wp","href":"https:\/\/api.w.org\/{rel}","templated":true}]}}