{"id":77984,"date":"2022-02-16T22:56:01","date_gmt":"2022-02-16T20:56:01","guid":{"rendered":"https:\/\/xlmotors.ee\/toode\/ford-sisatilojen-kumimatot\/"},"modified":"2025-04-24T12:58:13","modified_gmt":"2025-04-24T10:58:13","slug":"ford-sisatilojen-kumimatot","status":"publish","type":"product","link":"https:\/\/xlmotors.ee\/fi\/toode\/ford-sisatilojen-kumimatot\/","title":{"rendered":"Ford sis\u00e4tilojen kumimatot"},"content":{"rendered":"<ul>\n<li>Mallikohtaiset automatot \u2013 valmistettu yksil\u00f6llisesti jokaista automerkki\u00e4 ja -mallia varten<\/li>\n<li>Korkealaatuinen materiaali, joka pident\u00e4\u00e4 sis\u00e4tilojen kumimattojen k\u00e4ytt\u00f6ik\u00e4\u00e4<\/li>\n<li>Vedenpit\u00e4v\u00e4t \u2013 matot suojaavat autoa kosteudelta t\u00e4ydellisesti<\/li>\n<li>Suojaavat ihanteellisesti lattiaa lialta ja loalta, mattojen reunat eiv\u00e4t p\u00e4\u00e4st\u00e4 likaa valumaan sis\u00e4tilojen matolle<\/li>\n<li>Mattojen kiinnikkeet voi ostaa lis\u00e4ksi erikseen<\/li>\n<li>Viron suurin valikoima \u2013 meilt\u00e4 jokainen asiakas l\u00f6yt\u00e4\u00e4 autoonsa sopivat kumimatot<\/li>\n<\/ul>\n","protected":false},"excerpt":{"rendered":"<p>Auton sis\u00e4tilojen kumimatot on valmistettu korkealaatuisesta hankausta kest\u00e4v\u00e4st\u00e4 kumista. Materiaali on hajuton, pitk\u00e4\u00e4n kest\u00e4v\u00e4 ja pysyy joustavana jopa hyvin matalissa l\u00e4mp\u00f6tiloissa. Sen ansiosta materiaali sopii ihanteellisesti auton sis\u00e4tilojen mattojen valmistamiseen ja vastaa kaikkia standardeja ja paloturvallisuusvaatimuksia.<\/p>\n<p>Sarjassa on henkil\u00f6auton\/maasturin osalta nelj\u00e4 automattoa. Osassa malleista taempi matto on yhten\u00e4 kappaleena. Sis\u00e4tilojen kumimattojen v\u00e4ri on musta.<\/p>\n<p>Kuva on luonteeltaan hahmottava. Hankitut sis\u00e4tilojen kumimatot voivat erota kuvasta tehdyst\u00e4 valinnasta, tietokoneen n\u00e4ytt\u00f6jen eroista ja henkil\u00f6auton mallista riippuen.<\/p>\n<p>&nbsp;<\/p>\n<p>Meid\u00e4n tuotevalikoimassamme on automattoja seuraaviin malleihin:<\/p>\n<p>Ford B-max 2012-2017 sis\u00e4tilojen kumimatot<br \/>\nFord Custom 2012-&#8230; sis\u00e4tilojen kumimatot<br \/>\nFord Courier 2014-&#8230; sis\u00e4tilojen kumimatot<br \/>\nFord C-max 2003-2011 sis\u00e4tilojen kumimatot<br \/>\nFord C-max 2011-2019 sis\u00e4tilojen kumimatot<br \/>\nFord EcoSport 2012-2017 sis\u00e4tilojen kumimatot<br \/>\nFord Fiesta MK6 2002-2008 sis\u00e4tilojen kumimatot<br \/>\nFord Fiesta MK7 2008-2011 sis\u00e4tilojen kumimatot<br \/>\nFord Fiesta MK7 2011-2018 sis\u00e4tilojen kumimatot<br \/>\nFord Focus MK1 1998-2004 sis\u00e4tilojen kumimatot<br \/>\nFord Focus MK2 2004-2010 sis\u00e4tilojen kumimatot<br \/>\nFord Focus MK3 2011-2015 sis\u00e4tilojen kumimatot<br \/>\nFord Focus MK3 FL 2015-2018 sis\u00e4tilojen kumimatot<br \/>\nFord Focus MK4 2018-&#8230; sis\u00e4tilojen kumimatot<br \/>\nFord Fusion 2002-2013 sis\u00e4tilojen kumimatot<br \/>\nFord Galaxy 1996-2006 sis\u00e4tilojen kumimatot<br \/>\nFord Galaxy 7 kohta 1996-2006 sis\u00e4tilojen kumimatot<br \/>\nFord Galaxy 2006-2012 sis\u00e4tilojen kumimatot<br \/>\nFord Galaxy 2012-2014 sis\u00e4tilojen kumimatot<br \/>\nFord Galaxy 2015-&#8230; sis\u00e4tilojen kumimatot<br \/>\nFord Grand C-Max 2010-&#8230; sis\u00e4tilojen kumimatot<br \/>\nFord K 2008-2016 sis\u00e4tilojen kumimatot<br \/>\nFord Kuga 2008-2013 sis\u00e4tilojen kumimatot<br \/>\nFord Mondeo MK3 2000-2007 sis\u00e4tilojen kumimatot<br \/>\nFord Mondeo MK4 2007-2012 sis\u00e4tilojen kumimatot<br \/>\nFord Mondeo MK4 FL 2012-2014 sis\u00e4tilojen kumimatot<br \/>\nFord Mondeo MK5 2014-2022 sis\u00e4tilojen kumimatot<br \/>\nFord Mustang V 2005-2010 sis\u00e4tilojen kumimatot<br \/>\nFord Mustang V FL 2011-2014 sis\u00e4tilojen kumimatot<br \/>\nFord S-Max 2006-2012 sis\u00e4tilojen kumimatot<br \/>\nFord S-Max 2012-2014 sis\u00e4tilojen kumimatot<br \/>\nFord S-Max 2015-&#8230; sis\u00e4tilojen kumimatot<br \/>\nFord Tourneo Courier 2012-&#8230; sis\u00e4tilojen kumimatot<br \/>\nFord Transit 2000-2006 sis\u00e4tilojen kumimatot<br \/>\nFord Transit 2006-2013 sis\u00e4tilojen kumimatot<br \/>\nFord Transit 2013-&#8230; sis\u00e4tilojen kumimatot<br \/>\nFord Transit Connect 2013-&#8230; sis\u00e4tilojen kumimatot<\/p>\n","protected":false},"featured_media":71875,"comment_status":"closed","ping_status":"closed","template":"","meta":{"_acf_changed":false,"inline_featured_image":false},"product_brand":[],"product_cat":[3415,3741],"product_tag":[],"class_list":{"0":"post-77984","1":"product","2":"type-product","3":"status-publish","4":"has-post-thumbnail","6":"product_cat-kumimatot","7":"product_cat-salongi-kummimatid","8":"pa_mudel-courier-fi","9":"pa_mudel-galaxy-7-kohta-fi","10":"pa_mudel-transit-connect-fi","11":"pa_mudel-custom-fi","12":"pa_mudel-grand-c-max-fi","13":"pa_mudel-ecosport-fi","14":"pa_mudel-ford-k-fi","15":"pa_mudel-ford-edge-fi","16":"pa_mudel-ford-kuga-fi","17":"pa_mudel-ford-explorer-fi","18":"pa_mudel-ford-mondeo-fi","19":"pa_mudel-ford-f150-fi","20":"pa_mudel-ford-mustang-fi","21":"pa_mudel-ford-f350-fi","22":"pa_mudel-ford-probe-fi","23":"pa_mudel-fiesta-fi","24":"pa_mudel-ford-ranger-fi","25":"pa_mudel-ford-focus-fi","26":"pa_mudel-ford-s-max-fi","27":"pa_mudel-ford-b-max-fi","28":"pa_mudel-fusion-fi","29":"pa_mudel-tourneo-courier-fi","30":"pa_mudel-ford-c-max-fi","31":"pa_mudel-ford-galaxy-fi","32":"pa_mudel-ford-transit-fi","34":"first","35":"instock","36":"taxable","37":"shipping-taxable","38":"purchasable","39":"product-type-variable"},"acf":[],"aioseo_notices":[],"_links":{"self":[{"href":"https:\/\/xlmotors.ee\/fi\/wp-json\/wp\/v2\/product\/77984","targetHints":{"allow":["GET"]}}],"collection":[{"href":"https:\/\/xlmotors.ee\/fi\/wp-json\/wp\/v2\/product"}],"about":[{"href":"https:\/\/xlmotors.ee\/fi\/wp-json\/wp\/v2\/types\/product"}],"replies":[{"embeddable":true,"href":"https:\/\/xlmotors.ee\/fi\/wp-json\/wp\/v2\/comments?post=77984"}],"wp:featuredmedia":[{"embeddable":true,"href":"https:\/\/xlmotors.ee\/fi\/wp-json\/wp\/v2\/media\/71875"}],"wp:attachment":[{"href":"https:\/\/xlmotors.ee\/fi\/wp-json\/wp\/v2\/media?parent=77984"}],"wp:term":[{"taxonomy":"product_brand","embeddable":true,"href":"https:\/\/xlmotors.ee\/fi\/wp-json\/wp\/v2\/product_brand?post=77984"},{"taxonomy":"product_cat","embeddable":true,"href":"https:\/\/xlmotors.ee\/fi\/wp-json\/wp\/v2\/product_cat?post=77984"},{"taxonomy":"product_tag","embeddable":true,"href":"https:\/\/xlmotors.ee\/fi\/wp-json\/wp\/v2\/product_tag?post=77984"}],"curies":[{"name":"wp","href":"https:\/\/api.w.org\/{rel}","templated":true}]}}