{"id":78146,"date":"2025-03-25T11:19:01","date_gmt":"2025-03-25T09:19:01","guid":{"rendered":"https:\/\/xlmotors.ee\/toode\/jaguar-sisatilojen-kumimatot\/"},"modified":"2026-05-09T11:18:12","modified_gmt":"2026-05-09T09:18:12","slug":"jaguarin-kumiset-kokolattiamatot","status":"publish","type":"product","link":"https:\/\/xlmotors.ee\/fi\/toode\/jaguarin-kumiset-kokolattiamatot\/","title":{"rendered":"Jaguarin kumiset kokolattiamatot"},"content":{"rendered":"<ul>\n<li>Mallikohtaiset automaattivaihteistot &#8211; valmistetaan erikseen kutakin automerkki\u00e4 ja -mallia varten.<\/li>\n<li>Laadukas materiaali, joka pident\u00e4\u00e4 matkustamon kumimattojen k\u00e4ytt\u00f6ik\u00e4\u00e4.<\/li>\n<li>Vedenpit\u00e4v\u00e4 &#8211; matot suojaavat autosi t\u00e4ysin kosteudelta.<\/li>\n<li>Suojaavat t\u00e4ydellisesti lattiaa lialta ja lialta, ja mattojen reunat est\u00e4v\u00e4t lian valumisen matkustamon matolle.<\/li>\n<li>Mattokiinnikkeet saatavana erikseen<\/li>\n<li>Viron laajin valikoima &#8211; jokainen asiakas l\u00f6yt\u00e4\u00e4 t\u00e4\u00e4lt\u00e4 tarpeisiinsa sopivan kumimaton.<\/li>\n<\/ul>\n<p><!--more--><\/p>\n","protected":false},"excerpt":{"rendered":"<p>Matkustamon kumimatot on valmistettu korkealaatuisesta kitkaa kest\u00e4v\u00e4st\u00e4 kumista. Materiaali on hajutonta, pitk\u00e4ik\u00e4ist\u00e4 ja pysyy joustavana my\u00f6s hyvin alhaisissa l\u00e4mp\u00f6tiloissa. T\u00e4m\u00e4n vuoksi se sopii erinomaisesti autojen sis\u00e4tilojen mattojen valmistukseen ja t\u00e4ytt\u00e4\u00e4 kaikki standardit ja paloturvallisuusvaatimukset.<\/p>\n<p>Mukana on nelj\u00e4 automatiikkaa henkil\u00f6autoa\/maasturia varten. Joissakin malleissa takamatto on t\u00e4ydellinen. Matkustamon kumimatot ovat mustat.<\/p>\n<p>Kuva on havainnollistava. Matkustamon kumimatot saattavat poiketa kuvasta tehdyn valinnan, tietokoneiden n\u00e4ytt\u00f6jen erojen ja automallin mukaan.<\/p>\n<p>&nbsp;<\/p>\n<p>Valikoimaamme kuuluu automaatteja seuraaviin malleihin:<\/p>\n<p>Jaguar F-Pace 2015-&#8230; matkustamon matot<\/p>\n","protected":false},"featured_media":74906,"comment_status":"closed","ping_status":"closed","template":"","meta":{"_acf_changed":false,"inline_featured_image":false},"product_brand":[],"product_cat":[3415,3741],"product_tag":[],"class_list":{"0":"post-78146","1":"product","2":"type-product","3":"status-publish","4":"has-post-thumbnail","6":"product_cat-kumimatot","7":"product_cat-salongi-kummimatid","8":"pa_mudel-jaguar-f-pace-fi","10":"first","11":"instock","12":"taxable","13":"shipping-taxable","14":"purchasable","15":"product-type-variable"},"acf":[],"aioseo_notices":[],"_links":{"self":[{"href":"https:\/\/xlmotors.ee\/fi\/wp-json\/wp\/v2\/product\/78146","targetHints":{"allow":["GET"]}}],"collection":[{"href":"https:\/\/xlmotors.ee\/fi\/wp-json\/wp\/v2\/product"}],"about":[{"href":"https:\/\/xlmotors.ee\/fi\/wp-json\/wp\/v2\/types\/product"}],"replies":[{"embeddable":true,"href":"https:\/\/xlmotors.ee\/fi\/wp-json\/wp\/v2\/comments?post=78146"}],"wp:featuredmedia":[{"embeddable":true,"href":"https:\/\/xlmotors.ee\/fi\/wp-json\/wp\/v2\/media\/74906"}],"wp:attachment":[{"href":"https:\/\/xlmotors.ee\/fi\/wp-json\/wp\/v2\/media?parent=78146"}],"wp:term":[{"taxonomy":"product_brand","embeddable":true,"href":"https:\/\/xlmotors.ee\/fi\/wp-json\/wp\/v2\/product_brand?post=78146"},{"taxonomy":"product_cat","embeddable":true,"href":"https:\/\/xlmotors.ee\/fi\/wp-json\/wp\/v2\/product_cat?post=78146"},{"taxonomy":"product_tag","embeddable":true,"href":"https:\/\/xlmotors.ee\/fi\/wp-json\/wp\/v2\/product_tag?post=78146"}],"curies":[{"name":"wp","href":"https:\/\/api.w.org\/{rel}","templated":true}]}}